{"id":8,"date":"2024-03-25T16:53:21","date_gmt":"2024-03-25T16:53:21","guid":{"rendered":"http:\/\/localhost:3000\/?page_id=8"},"modified":"2025-02-15T12:46:33","modified_gmt":"2025-02-15T12:46:33","slug":"die-gumpoldskirchner-spatzen","status":"publish","type":"page","link":"https:\/\/www.gumpoldskirchnerspatzen.at\/en\/die-gumpoldskirchner-spatzen\/","title":{"rendered":"About Us"},"content":{"rendered":"<style>\n  .c-lazyblock-hero-section-Z1L82XS {\n    --section-min-height: 22rem;\n    --section-background-image: url(\"https:\/\/www.gumpoldskirchnerspatzen.at\/wp-content\/uploads\/75-Jubilaumskonzert-1-2000x1333.jpg\");\n    --section-background-image-position-x: center;\n    --section-background-image-position-y: center;\n    --section-background-image-opacity: 0.7;\n    --section-background-overlay-opacity: 0.5;\n  }\n<\/style>\n\n<section class=\"c-lazyblock-hero-section-Z1L82XS\">\n  <div class=\"v-section v-section--hero\">\n    <div class=\"l-cl l-cl--full\">\n      <div class=\"l-hero-inner\">\n        <div class=\"l-page-header-text\">\n          <div class=\"l-hero-content\">\n                      <h1 class=\"v-page-title\">About Us<\/h1>\n                                        <\/div>\n        <\/div>\n      <\/div>\n    <\/div>\n  <\/div>\n  <div class=\"l-section-background\">\n    <div class=\"v-section-background\"><\/div>\n  <\/div>\n<\/section>\n\n\n<section class=\"lazyblock-content-section-Zo1fnO\">\n  <div class=\"v-section\">\n    <div class=\"l-cl\">\n      <div class=\"lazyblock-inner-blocks\">\n\n<div class=\"l-text-card\">\n\n  \n    <div><p>In order to ensure high musical quality, we rehearse twice a week, Mondays and Thursdays from 5:30 p.m. to 8 p.m. in Gumpoldskirchen. In our rehearsals we work on a wide variety of literature to improve ourselves and refine our skills. The choir sees itself as a team, because choir singing is a team sport and is only possible if everyone works together and gives their best. Regular attendance at rehearsals is therefore mandatory.<\/p>\n<p>Wir m\u00f6chten, dass die Kinder nicht nur eine fundierte musikalische Bildung erhalten, sondern auch einen gesunden Umgang mit ihrem Instrument Stimme lernen. Hierf\u00fcr wird neben der M\u00f6glichkeit in Einzelstimmbildung zu gehen auch in den Proben intensiv an der eigenen Gesangstechnik gefeilt. Dadurch legen wir den Grundstein daf\u00fcr, dass die jungen S\u00e4ngerinnen und S\u00e4nger nach ihrer Zeit bei den Spatzen mit einem fundierten musikalischen Wissen und einer gesunden Gesangstechnik ihren weiteren Weg gehen k\u00f6nnen.<\/p><\/div>\n\n    \n  \n    <div>\n      <div class=\"v-card\">\n        <div class=\"l-stack\">\n  \n          <h2>Rehearsals<\/h2>\n<h5>Mondays:<\/h5>\n<p>17.30 \u2013 20.00<\/p>\n<h5>Thursdays:<\/h5>\n<p>17.30 \u2013 20.00<\/p>\n<h5>Location:<\/h5>\n<p>\u2028Schulgasse 21, 2352 Gumpoldskirchen<\/p>  \n        <\/div>\n      <\/div>\n    <\/div>\n\n  \n<\/div>\n\n<\/div>\n          <\/div>\n  <\/div>\n<\/section>\n\n\n<style>\n  .c-lazyblock-cta-section-Z1rvtEm {\n    --section-min-height: \nWarning: Undefined variable $min_height in \/home\/.sites\/94\/site4031400\/web\/production\/wp-content\/themes\/gumpoldskirchnerspatzen\/blocks\/lazyblock-cta-section\/block.php on line 48\n;\n    --section-text-align: center;\n    --cta-buttons-margin-top: 1.75rem;\n    --cta-buttons-align: center;\n    --section-background-image: url(\"https:\/\/www.gumpoldskirchnerspatzen.at\/wp-content\/uploads\/mitsingen-2000x555.jpg\");\n    --section-background-image-position-x: center;\n    --section-background-image-position-y: center;\n    --section-background-image-opacity: 0.15;\n    --section-background-overlay-opacity: 0;\n  }\n<\/style>\n\n<section class=\"c-lazyblock-cta-section-Z1rvtEm\">\n  <div class=\"v-section\">\n    <div class=\"l-cl l-cl--narrow\">\n      <div>\n              <h2 class=\"v-section-heading\">Sing with us<\/h2>\n                    <h3 class=\"v-section-subheading\">Would you like to sing with us? The Gumpoldskirchner Spatzen are looking for support and look forward to seeing you!<\/h3>\n                    <div class=\"l-cta-buttons\">\n          <a\n            class=\"v-button\"\n            href=\"\/en\/mitsingen\/\"\n                      >Join Us<\/a\n>\n        <\/div>\n            <\/div>\n    <\/div>\n  <\/div>\n  <div class=\"l-section-background\">\n    <div class=\"v-section-background\"><\/div>\n  <\/div>\n<\/section>","protected":false},"excerpt":{"rendered":"","protected":false},"author":1,"featured_media":0,"parent":0,"menu_order":0,"comment_status":"closed","ping_status":"closed","template":"","meta":{"footnotes":""},"class_list":["post-8","page","type-page","status-publish","hentry"],"yoast_head":"<!-- This site is optimized with the Yoast SEO plugin v26.0 - https:\/\/yoast.com\/wordpress\/plugins\/seo\/ -->\n<title>\u00dcber die Spatzen - Gumpoldskirchner Spatzen<\/title>\n<meta name=\"description\" content=\"Erfahre mehr \u00fcber die Spatzen! Unser Chor probt zweimal w\u00f6chentlich und legt gro\u00dfen Wert auf musikalische Qualit\u00e4t und Teamgeist.\" \/>\n<meta name=\"robots\" content=\"index, follow, max-snippet:-1, max-image-preview:large, max-video-preview:-1\" \/>\n<link rel=\"canonical\" href=\"https:\/\/www.gumpoldskirchnerspatzen.at\/en\/die-gumpoldskirchner-spatzen\/\" \/>\n<meta property=\"og:locale\" content=\"en_US\" \/>\n<meta property=\"og:type\" content=\"article\" \/>\n<meta property=\"og:title\" content=\"\u00dcber die Spatzen - Gumpoldskirchner Spatzen\" \/>\n<meta property=\"og:description\" content=\"Erfahre mehr \u00fcber die Spatzen! Unser Chor probt zweimal w\u00f6chentlich und legt gro\u00dfen Wert auf musikalische Qualit\u00e4t und Teamgeist.\" \/>\n<meta property=\"og:url\" content=\"https:\/\/www.gumpoldskirchnerspatzen.at\/en\/die-gumpoldskirchner-spatzen\/\" \/>\n<meta property=\"og:site_name\" content=\"Gumpoldskirchner Spatzen\" \/>\n<meta property=\"article:publisher\" content=\"https:\/\/www.facebook.com\/GumpoldskirchnerSpatzen\" \/>\n<meta property=\"article:modified_time\" content=\"2025-02-15T12:46:33+00:00\" \/>\n<meta property=\"og:image\" content=\"https:\/\/www.gumpoldskirchnerspatzen.at\/wp-content\/uploads\/SpatzenWeinberg_\u220fYvonneKiss.jpg\" \/>\n\t<meta property=\"og:image:width\" content=\"1000\" \/>\n\t<meta property=\"og:image:height\" content=\"667\" \/>\n\t<meta property=\"og:image:type\" content=\"image\/jpeg\" \/>\n<meta name=\"twitter:card\" content=\"summary_large_image\" \/>\n<meta name=\"twitter:label1\" content=\"Est. reading time\" \/>\n\t<meta name=\"twitter:data1\" content=\"1 minute\" \/>\n<script type=\"application\/ld+json\" class=\"yoast-schema-graph\">{\"@context\":\"https:\/\/schema.org\",\"@graph\":[{\"@type\":\"WebPage\",\"@id\":\"https:\/\/www.gumpoldskirchnerspatzen.at\/die-gumpoldskirchner-spatzen\/\",\"url\":\"https:\/\/www.gumpoldskirchnerspatzen.at\/die-gumpoldskirchner-spatzen\/\",\"name\":\"\u00dcber die Spatzen - Gumpoldskirchner Spatzen\",\"isPartOf\":{\"@id\":\"https:\/\/www.gumpoldskirchnerspatzen.at\/#website\"},\"datePublished\":\"2024-03-25T16:53:21+00:00\",\"dateModified\":\"2025-02-15T12:46:33+00:00\",\"description\":\"Erfahre mehr \u00fcber die Spatzen! Unser Chor probt zweimal w\u00f6chentlich und legt gro\u00dfen Wert auf musikalische Qualit\u00e4t und Teamgeist.\",\"breadcrumb\":{\"@id\":\"https:\/\/www.gumpoldskirchnerspatzen.at\/die-gumpoldskirchner-spatzen\/#breadcrumb\"},\"inLanguage\":\"en-US\",\"potentialAction\":[{\"@type\":\"ReadAction\",\"target\":[\"https:\/\/www.gumpoldskirchnerspatzen.at\/die-gumpoldskirchner-spatzen\/\"]}]},{\"@type\":\"BreadcrumbList\",\"@id\":\"https:\/\/www.gumpoldskirchnerspatzen.at\/die-gumpoldskirchner-spatzen\/#breadcrumb\",\"itemListElement\":[{\"@type\":\"ListItem\",\"position\":1,\"name\":\"Home\",\"item\":\"https:\/\/www.gumpoldskirchnerspatzen.at\/\"},{\"@type\":\"ListItem\",\"position\":2,\"name\":\"\u00dcber die Spatzen\"}]},{\"@type\":\"WebSite\",\"@id\":\"https:\/\/www.gumpoldskirchnerspatzen.at\/#website\",\"url\":\"https:\/\/www.gumpoldskirchnerspatzen.at\/\",\"name\":\"Gumpoldskirchner Spatzen\",\"description\":\"\",\"publisher\":{\"@id\":\"https:\/\/www.gumpoldskirchnerspatzen.at\/#organization\"},\"potentialAction\":[{\"@type\":\"SearchAction\",\"target\":{\"@type\":\"EntryPoint\",\"urlTemplate\":\"https:\/\/www.gumpoldskirchnerspatzen.at\/?s={search_term_string}\"},\"query-input\":{\"@type\":\"PropertyValueSpecification\",\"valueRequired\":true,\"valueName\":\"search_term_string\"}}],\"inLanguage\":\"en-US\"},{\"@type\":\"Organization\",\"@id\":\"https:\/\/www.gumpoldskirchnerspatzen.at\/#organization\",\"name\":\"Gumpoldskirchner Spatzen\",\"url\":\"https:\/\/www.gumpoldskirchnerspatzen.at\/\",\"logo\":{\"@type\":\"ImageObject\",\"inLanguage\":\"en-US\",\"@id\":\"https:\/\/www.gumpoldskirchnerspatzen.at\/#\/schema\/logo\/image\/\",\"url\":\"https:\/\/www.gumpoldskirchnerspatzen.at\/staging\/wp-content\/uploads\/logo.png\",\"contentUrl\":\"https:\/\/www.gumpoldskirchnerspatzen.at\/staging\/wp-content\/uploads\/logo.png\",\"width\":781,\"height\":167,\"caption\":\"Gumpoldskirchner Spatzen\"},\"image\":{\"@id\":\"https:\/\/www.gumpoldskirchnerspatzen.at\/#\/schema\/logo\/image\/\"},\"sameAs\":[\"https:\/\/www.facebook.com\/GumpoldskirchnerSpatzen\",\"https:\/\/www.youtube.com\/user\/GumpSpatzen\",\"https:\/\/www.instagram.com\/gumpoldskirchnerspatzen\/\"]}]}<\/script>\n<!-- \/ Yoast SEO plugin. -->","yoast_head_json":{"title":"\u00dcber die Spatzen - Gumpoldskirchner Spatzen","description":"Erfahre mehr \u00fcber die Spatzen! Unser Chor probt zweimal w\u00f6chentlich und legt gro\u00dfen Wert auf musikalische Qualit\u00e4t und Teamgeist.","robots":{"index":"index","follow":"follow","max-snippet":"max-snippet:-1","max-image-preview":"max-image-preview:large","max-video-preview":"max-video-preview:-1"},"canonical":"https:\/\/www.gumpoldskirchnerspatzen.at\/en\/die-gumpoldskirchner-spatzen\/","og_locale":"en_US","og_type":"article","og_title":"\u00dcber die Spatzen - Gumpoldskirchner Spatzen","og_description":"Erfahre mehr \u00fcber die Spatzen! Unser Chor probt zweimal w\u00f6chentlich und legt gro\u00dfen Wert auf musikalische Qualit\u00e4t und Teamgeist.","og_url":"https:\/\/www.gumpoldskirchnerspatzen.at\/en\/die-gumpoldskirchner-spatzen\/","og_site_name":"Gumpoldskirchner Spatzen","article_publisher":"https:\/\/www.facebook.com\/GumpoldskirchnerSpatzen","article_modified_time":"2025-02-15T12:46:33+00:00","og_image":[{"width":1000,"height":667,"url":"https:\/\/www.gumpoldskirchnerspatzen.at\/wp-content\/uploads\/SpatzenWeinberg_\u220fYvonneKiss.jpg","type":"image\/jpeg"}],"twitter_card":"summary_large_image","twitter_misc":{"Est. reading time":"1 minute"},"schema":{"@context":"https:\/\/schema.org","@graph":[{"@type":"WebPage","@id":"https:\/\/www.gumpoldskirchnerspatzen.at\/die-gumpoldskirchner-spatzen\/","url":"https:\/\/www.gumpoldskirchnerspatzen.at\/die-gumpoldskirchner-spatzen\/","name":"\u00dcber die Spatzen - Gumpoldskirchner Spatzen","isPartOf":{"@id":"https:\/\/www.gumpoldskirchnerspatzen.at\/#website"},"datePublished":"2024-03-25T16:53:21+00:00","dateModified":"2025-02-15T12:46:33+00:00","description":"Erfahre mehr \u00fcber die Spatzen! Unser Chor probt zweimal w\u00f6chentlich und legt gro\u00dfen Wert auf musikalische Qualit\u00e4t und Teamgeist.","breadcrumb":{"@id":"https:\/\/www.gumpoldskirchnerspatzen.at\/die-gumpoldskirchner-spatzen\/#breadcrumb"},"inLanguage":"en-US","potentialAction":[{"@type":"ReadAction","target":["https:\/\/www.gumpoldskirchnerspatzen.at\/die-gumpoldskirchner-spatzen\/"]}]},{"@type":"BreadcrumbList","@id":"https:\/\/www.gumpoldskirchnerspatzen.at\/die-gumpoldskirchner-spatzen\/#breadcrumb","itemListElement":[{"@type":"ListItem","position":1,"name":"Home","item":"https:\/\/www.gumpoldskirchnerspatzen.at\/"},{"@type":"ListItem","position":2,"name":"\u00dcber die Spatzen"}]},{"@type":"WebSite","@id":"https:\/\/www.gumpoldskirchnerspatzen.at\/#website","url":"https:\/\/www.gumpoldskirchnerspatzen.at\/","name":"Gumpoldskirchner Spatzen","description":"","publisher":{"@id":"https:\/\/www.gumpoldskirchnerspatzen.at\/#organization"},"potentialAction":[{"@type":"SearchAction","target":{"@type":"EntryPoint","urlTemplate":"https:\/\/www.gumpoldskirchnerspatzen.at\/?s={search_term_string}"},"query-input":{"@type":"PropertyValueSpecification","valueRequired":true,"valueName":"search_term_string"}}],"inLanguage":"en-US"},{"@type":"Organization","@id":"https:\/\/www.gumpoldskirchnerspatzen.at\/#organization","name":"Gumpoldskirchner Spatzen","url":"https:\/\/www.gumpoldskirchnerspatzen.at\/","logo":{"@type":"ImageObject","inLanguage":"en-US","@id":"https:\/\/www.gumpoldskirchnerspatzen.at\/#\/schema\/logo\/image\/","url":"https:\/\/www.gumpoldskirchnerspatzen.at\/staging\/wp-content\/uploads\/logo.png","contentUrl":"https:\/\/www.gumpoldskirchnerspatzen.at\/staging\/wp-content\/uploads\/logo.png","width":781,"height":167,"caption":"Gumpoldskirchner Spatzen"},"image":{"@id":"https:\/\/www.gumpoldskirchnerspatzen.at\/#\/schema\/logo\/image\/"},"sameAs":["https:\/\/www.facebook.com\/GumpoldskirchnerSpatzen","https:\/\/www.youtube.com\/user\/GumpSpatzen","https:\/\/www.instagram.com\/gumpoldskirchnerspatzen\/"]}]}},"_links":{"self":[{"href":"https:\/\/www.gumpoldskirchnerspatzen.at\/en\/wp-json\/wp\/v2\/pages\/8","targetHints":{"allow":["GET"]}}],"collection":[{"href":"https:\/\/www.gumpoldskirchnerspatzen.at\/en\/wp-json\/wp\/v2\/pages"}],"about":[{"href":"https:\/\/www.gumpoldskirchnerspatzen.at\/en\/wp-json\/wp\/v2\/types\/page"}],"author":[{"embeddable":true,"href":"https:\/\/www.gumpoldskirchnerspatzen.at\/en\/wp-json\/wp\/v2\/users\/1"}],"replies":[{"embeddable":true,"href":"https:\/\/www.gumpoldskirchnerspatzen.at\/en\/wp-json\/wp\/v2\/comments?post=8"}],"version-history":[{"count":27,"href":"https:\/\/www.gumpoldskirchnerspatzen.at\/en\/wp-json\/wp\/v2\/pages\/8\/revisions"}],"predecessor-version":[{"id":6018,"href":"https:\/\/www.gumpoldskirchnerspatzen.at\/en\/wp-json\/wp\/v2\/pages\/8\/revisions\/6018"}],"wp:attachment":[{"href":"https:\/\/www.gumpoldskirchnerspatzen.at\/en\/wp-json\/wp\/v2\/media?parent=8"}],"curies":[{"name":"wp","href":"https:\/\/api.w.org\/{rel}","templated":true}]}}