{"id":30,"date":"2024-03-25T16:56:16","date_gmt":"2024-03-25T16:56:16","guid":{"rendered":"http:\/\/localhost:3000\/?page_id=30"},"modified":"2025-02-15T14:50:16","modified_gmt":"2025-02-15T14:50:16","slug":"partner","status":"publish","type":"page","link":"https:\/\/www.gumpoldskirchnerspatzen.at\/en\/partner\/","title":{"rendered":"Partner"},"content":{"rendered":"<section class=\"c-lazyblock-page-header-ZyNr16\">\n  <div class=\"v-page-header\">\n    <div class=\"l-cl l-cl--full\">\n      <div class=\"l-page-header-inner\">\n                      <h1 class=\"v-page-title\">Unsere Partner<\/h1>\n                          <\/div>\n    <\/div>\n  <\/div>\n<\/section>\n\n\n<section class=\"lazyblock-content-section-Zi0anW\">\n  <div class=\"v-section\">\n    <div class=\"l-cl\">\n      <div class=\"lazyblock-inner-blocks\">\n\n<div class=\"wp-block-columns is-layout-flex wp-container-core-columns-is-layout-9d6595d7 wp-block-columns-is-layout-flex\">\n<div class=\"wp-block-column is-layout-flow wp-block-column-is-layout-flow\">\n<h3 class=\"wp-block-heading\">Land Nieder\u00f6sterreich<\/h3>\n\n\n\n<p>With around 50,000 singers, Lower Austria has a great potential of people who dedicate themselves to singing in choirs in their free time - be it at church, at school or at other cultural events. The total of 1,400 choirs, 145 of which are children's and youth choirs, therefore contribute a significant and important part of our cultural work.<\/p>\n\n\n\n<p>The \u201cGumpoldskirchner Spatzen\u201d are one of the most distinguished and well-known children\u2019s choirs \u2013 both nationally and internationally. This is demonstrated not least by the current tour \u201cSuonare in Terrasanta\u201d. With worldwide appearances like this, they ensure that Lower Austria becomes an international name. And they help to make Lower Austria\u2019s profile even more distinctive around the world. The \u201cGumpoldskirchner Spatzen\u201d are therefore ambassadors for our country in the most beautiful sense of the word.<\/p>\n\n\n\n<p>As state governor, I can always convince myself of the choir's abilities at a wide variety of events. I therefore congratulate the \u201cGumpoldskirchner Spatzen\u201d and their management on these great achievements and at the same time wish that artistic work at such a high level continues to be as much fun and successful in the future.<\/p>\n\n\n\n<p>Land Nieder\u00f6sterreich<br><a href=\"https:\/\/www.noe.gv.at\/\" target=\"_blank\" rel=\"noreferrer noopener\">www.noe.gv.at<\/a><\/p>\n<\/div>\n\n\n\n<div class=\"wp-block-column is-layout-flow wp-block-column-is-layout-flow\">\n<h3 class=\"wp-block-heading\">Gemeinde Gumpoldskirchen<\/h3>\n\n\n\n<p>The cultural community of Gumpoldskirchen is also called the \u201csinging village at the gates of Vienna\u201d, not least because new choir communities have been formed from the children's choir \u201cGumpoldskirchner Spatzen\u201d over many generations.<\/p>\n\n\n\n<p>I admire the consistently high level of this choir, which can only be achieved with a lot of hard work and personal ambition. A lot of educational work is carried out here by the choir director Elisabeth Ziegler in addition to musical training. The result is a balanced choir sound and inner joy that spreads to the listener. Music is balm for the soul and a wonderful opportunity for young people to live out their emotions and recognize higher values!<\/p>\n\n\n\n<p>For decades, the \u201cGumpoldskirchner Spatzen\u201d have carried the name of our wine town all over the world. This fills me with great pride as mayor!<\/p>\n\n\n\n<p>The \u201cGumpoldskirchner Spatzen\u201d will always be able to count on my support.<\/p>\n\n\n\n<p>Mayor Ferdinand K\u00f6ck,<br>Marktgemeinde Gumpoldskirchen, Nieder\u00f6sterreich<br><a href=\"https:\/\/www.gumpoldskirchen.at\/\" target=\"_blank\" rel=\"noreferrer noopener\">www.gumpoldskirchen.at<\/a><\/p>\n<\/div>\n<\/div>\n\n<\/div>\n          <\/div>\n  <\/div>\n<\/section>\n\n\n<section class=\"lazyblock-content-section-2eFbfw\">\n  <div class=\"v-section v-section--no-top-padding\">\n    <div class=\"l-cl\">\n      <div class=\"lazyblock-inner-blocks\">\n\n<div class=\"l-logos-section-inner\">\n\n  \n  <div class=\"l-logos\">  \n  \n      \n        \n        \n<img loading=\"lazy\" decoding=\"async\"\n  src=\"https:\/\/www.gumpoldskirchnerspatzen.at\/wp-content\/uploads\/logo_tostmann-transparent-weis-500x500.png\"\n  width=\"500\"\n  height=\"500\"\n  style=\"width: calc(25rem * 0.35)\"\n  alt=\"\"\n\/>  \n        \n      \n        \n        \n<img loading=\"lazy\" decoding=\"async\"\n  src=\"https:\/\/www.gumpoldskirchnerspatzen.at\/wp-content\/uploads\/Logo-Gumpoldskirchen-transparent-weis-500x251.png\"\n  width=\"500\"\n  height=\"251\"\n  style=\"width: calc(25rem * 0.71)\"\n  alt=\"\"\n\/>  \n        \n      \n  <\/div>\n\n<\/div>\n\n<\/div>\n          <\/div>\n  <\/div>\n<\/section>","protected":false},"excerpt":{"rendered":"","protected":false},"author":1,"featured_media":0,"parent":0,"menu_order":0,"comment_status":"closed","ping_status":"closed","template":"","meta":{"footnotes":""},"class_list":["post-30","page","type-page","status-publish","hentry"],"yoast_head":"<!-- This site is optimized with the Yoast SEO plugin v26.0 - https:\/\/yoast.com\/wordpress\/plugins\/seo\/ -->\n<title>Partner - Gumpoldskirchner Spatzen<\/title>\n<meta name=\"description\" content=\"Unsere Partner: Lerne alles \u00fcber die Partner-Organisationen, die die Gumpoldskirchner Spatzen unterst\u00fctzen und f\u00f6rdern.\" \/>\n<meta name=\"robots\" content=\"index, follow, max-snippet:-1, max-image-preview:large, max-video-preview:-1\" \/>\n<link rel=\"canonical\" href=\"https:\/\/www.gumpoldskirchnerspatzen.at\/en\/partner\/\" \/>\n<meta property=\"og:locale\" content=\"en_US\" \/>\n<meta property=\"og:type\" content=\"article\" \/>\n<meta property=\"og:title\" content=\"Partner - Gumpoldskirchner Spatzen\" \/>\n<meta property=\"og:description\" content=\"Unsere Partner: Lerne alles \u00fcber die Partner-Organisationen, die die Gumpoldskirchner Spatzen unterst\u00fctzen und f\u00f6rdern.\" \/>\n<meta property=\"og:url\" content=\"https:\/\/www.gumpoldskirchnerspatzen.at\/en\/partner\/\" \/>\n<meta property=\"og:site_name\" content=\"Gumpoldskirchner Spatzen\" \/>\n<meta property=\"article:publisher\" content=\"https:\/\/www.facebook.com\/GumpoldskirchnerSpatzen\" \/>\n<meta property=\"article:modified_time\" content=\"2025-02-15T14:50:16+00:00\" \/>\n<meta property=\"og:image\" content=\"https:\/\/www.gumpoldskirchnerspatzen.at\/wp-content\/uploads\/SpatzenWeinberg_\u220fYvonneKiss.jpg\" \/>\n\t<meta property=\"og:image:width\" content=\"1000\" \/>\n\t<meta property=\"og:image:height\" content=\"667\" \/>\n\t<meta property=\"og:image:type\" content=\"image\/jpeg\" \/>\n<meta name=\"twitter:card\" content=\"summary_large_image\" \/>\n<meta name=\"twitter:label1\" content=\"Est. reading time\" \/>\n\t<meta name=\"twitter:data1\" content=\"2 minutes\" \/>\n<script type=\"application\/ld+json\" class=\"yoast-schema-graph\">{\"@context\":\"https:\/\/schema.org\",\"@graph\":[{\"@type\":\"WebPage\",\"@id\":\"https:\/\/www.gumpoldskirchnerspatzen.at\/partner\/\",\"url\":\"https:\/\/www.gumpoldskirchnerspatzen.at\/partner\/\",\"name\":\"Partner - Gumpoldskirchner Spatzen\",\"isPartOf\":{\"@id\":\"https:\/\/www.gumpoldskirchnerspatzen.at\/#website\"},\"datePublished\":\"2024-03-25T16:56:16+00:00\",\"dateModified\":\"2025-02-15T14:50:16+00:00\",\"description\":\"Unsere Partner: Lerne alles \u00fcber die Partner-Organisationen, die die Gumpoldskirchner Spatzen unterst\u00fctzen und f\u00f6rdern.\",\"breadcrumb\":{\"@id\":\"https:\/\/www.gumpoldskirchnerspatzen.at\/partner\/#breadcrumb\"},\"inLanguage\":\"en-US\",\"potentialAction\":[{\"@type\":\"ReadAction\",\"target\":[\"https:\/\/www.gumpoldskirchnerspatzen.at\/partner\/\"]}]},{\"@type\":\"BreadcrumbList\",\"@id\":\"https:\/\/www.gumpoldskirchnerspatzen.at\/partner\/#breadcrumb\",\"itemListElement\":[{\"@type\":\"ListItem\",\"position\":1,\"name\":\"Home\",\"item\":\"https:\/\/www.gumpoldskirchnerspatzen.at\/\"},{\"@type\":\"ListItem\",\"position\":2,\"name\":\"Partner\"}]},{\"@type\":\"WebSite\",\"@id\":\"https:\/\/www.gumpoldskirchnerspatzen.at\/#website\",\"url\":\"https:\/\/www.gumpoldskirchnerspatzen.at\/\",\"name\":\"Gumpoldskirchner Spatzen\",\"description\":\"\",\"publisher\":{\"@id\":\"https:\/\/www.gumpoldskirchnerspatzen.at\/#organization\"},\"potentialAction\":[{\"@type\":\"SearchAction\",\"target\":{\"@type\":\"EntryPoint\",\"urlTemplate\":\"https:\/\/www.gumpoldskirchnerspatzen.at\/?s={search_term_string}\"},\"query-input\":{\"@type\":\"PropertyValueSpecification\",\"valueRequired\":true,\"valueName\":\"search_term_string\"}}],\"inLanguage\":\"en-US\"},{\"@type\":\"Organization\",\"@id\":\"https:\/\/www.gumpoldskirchnerspatzen.at\/#organization\",\"name\":\"Gumpoldskirchner Spatzen\",\"url\":\"https:\/\/www.gumpoldskirchnerspatzen.at\/\",\"logo\":{\"@type\":\"ImageObject\",\"inLanguage\":\"en-US\",\"@id\":\"https:\/\/www.gumpoldskirchnerspatzen.at\/#\/schema\/logo\/image\/\",\"url\":\"https:\/\/www.gumpoldskirchnerspatzen.at\/staging\/wp-content\/uploads\/logo.png\",\"contentUrl\":\"https:\/\/www.gumpoldskirchnerspatzen.at\/staging\/wp-content\/uploads\/logo.png\",\"width\":781,\"height\":167,\"caption\":\"Gumpoldskirchner Spatzen\"},\"image\":{\"@id\":\"https:\/\/www.gumpoldskirchnerspatzen.at\/#\/schema\/logo\/image\/\"},\"sameAs\":[\"https:\/\/www.facebook.com\/GumpoldskirchnerSpatzen\",\"https:\/\/www.youtube.com\/user\/GumpSpatzen\",\"https:\/\/www.instagram.com\/gumpoldskirchnerspatzen\/\"]}]}<\/script>\n<!-- \/ Yoast SEO plugin. -->","yoast_head_json":{"title":"Partner - Gumpoldskirchner Spatzen","description":"Unsere Partner: Lerne alles \u00fcber die Partner-Organisationen, die die Gumpoldskirchner Spatzen unterst\u00fctzen und f\u00f6rdern.","robots":{"index":"index","follow":"follow","max-snippet":"max-snippet:-1","max-image-preview":"max-image-preview:large","max-video-preview":"max-video-preview:-1"},"canonical":"https:\/\/www.gumpoldskirchnerspatzen.at\/en\/partner\/","og_locale":"en_US","og_type":"article","og_title":"Partner - Gumpoldskirchner Spatzen","og_description":"Unsere Partner: Lerne alles \u00fcber die Partner-Organisationen, die die Gumpoldskirchner Spatzen unterst\u00fctzen und f\u00f6rdern.","og_url":"https:\/\/www.gumpoldskirchnerspatzen.at\/en\/partner\/","og_site_name":"Gumpoldskirchner Spatzen","article_publisher":"https:\/\/www.facebook.com\/GumpoldskirchnerSpatzen","article_modified_time":"2025-02-15T14:50:16+00:00","og_image":[{"width":1000,"height":667,"url":"https:\/\/www.gumpoldskirchnerspatzen.at\/wp-content\/uploads\/SpatzenWeinberg_\u220fYvonneKiss.jpg","type":"image\/jpeg"}],"twitter_card":"summary_large_image","twitter_misc":{"Est. reading time":"2 minutes"},"schema":{"@context":"https:\/\/schema.org","@graph":[{"@type":"WebPage","@id":"https:\/\/www.gumpoldskirchnerspatzen.at\/partner\/","url":"https:\/\/www.gumpoldskirchnerspatzen.at\/partner\/","name":"Partner - Gumpoldskirchner Spatzen","isPartOf":{"@id":"https:\/\/www.gumpoldskirchnerspatzen.at\/#website"},"datePublished":"2024-03-25T16:56:16+00:00","dateModified":"2025-02-15T14:50:16+00:00","description":"Unsere Partner: Lerne alles \u00fcber die Partner-Organisationen, die die Gumpoldskirchner Spatzen unterst\u00fctzen und f\u00f6rdern.","breadcrumb":{"@id":"https:\/\/www.gumpoldskirchnerspatzen.at\/partner\/#breadcrumb"},"inLanguage":"en-US","potentialAction":[{"@type":"ReadAction","target":["https:\/\/www.gumpoldskirchnerspatzen.at\/partner\/"]}]},{"@type":"BreadcrumbList","@id":"https:\/\/www.gumpoldskirchnerspatzen.at\/partner\/#breadcrumb","itemListElement":[{"@type":"ListItem","position":1,"name":"Home","item":"https:\/\/www.gumpoldskirchnerspatzen.at\/"},{"@type":"ListItem","position":2,"name":"Partner"}]},{"@type":"WebSite","@id":"https:\/\/www.gumpoldskirchnerspatzen.at\/#website","url":"https:\/\/www.gumpoldskirchnerspatzen.at\/","name":"Gumpoldskirchner Spatzen","description":"","publisher":{"@id":"https:\/\/www.gumpoldskirchnerspatzen.at\/#organization"},"potentialAction":[{"@type":"SearchAction","target":{"@type":"EntryPoint","urlTemplate":"https:\/\/www.gumpoldskirchnerspatzen.at\/?s={search_term_string}"},"query-input":{"@type":"PropertyValueSpecification","valueRequired":true,"valueName":"search_term_string"}}],"inLanguage":"en-US"},{"@type":"Organization","@id":"https:\/\/www.gumpoldskirchnerspatzen.at\/#organization","name":"Gumpoldskirchner Spatzen","url":"https:\/\/www.gumpoldskirchnerspatzen.at\/","logo":{"@type":"ImageObject","inLanguage":"en-US","@id":"https:\/\/www.gumpoldskirchnerspatzen.at\/#\/schema\/logo\/image\/","url":"https:\/\/www.gumpoldskirchnerspatzen.at\/staging\/wp-content\/uploads\/logo.png","contentUrl":"https:\/\/www.gumpoldskirchnerspatzen.at\/staging\/wp-content\/uploads\/logo.png","width":781,"height":167,"caption":"Gumpoldskirchner Spatzen"},"image":{"@id":"https:\/\/www.gumpoldskirchnerspatzen.at\/#\/schema\/logo\/image\/"},"sameAs":["https:\/\/www.facebook.com\/GumpoldskirchnerSpatzen","https:\/\/www.youtube.com\/user\/GumpSpatzen","https:\/\/www.instagram.com\/gumpoldskirchnerspatzen\/"]}]}},"_links":{"self":[{"href":"https:\/\/www.gumpoldskirchnerspatzen.at\/en\/wp-json\/wp\/v2\/pages\/30","targetHints":{"allow":["GET"]}}],"collection":[{"href":"https:\/\/www.gumpoldskirchnerspatzen.at\/en\/wp-json\/wp\/v2\/pages"}],"about":[{"href":"https:\/\/www.gumpoldskirchnerspatzen.at\/en\/wp-json\/wp\/v2\/types\/page"}],"author":[{"embeddable":true,"href":"https:\/\/www.gumpoldskirchnerspatzen.at\/en\/wp-json\/wp\/v2\/users\/1"}],"replies":[{"embeddable":true,"href":"https:\/\/www.gumpoldskirchnerspatzen.at\/en\/wp-json\/wp\/v2\/comments?post=30"}],"version-history":[{"count":20,"href":"https:\/\/www.gumpoldskirchnerspatzen.at\/en\/wp-json\/wp\/v2\/pages\/30\/revisions"}],"predecessor-version":[{"id":6089,"href":"https:\/\/www.gumpoldskirchnerspatzen.at\/en\/wp-json\/wp\/v2\/pages\/30\/revisions\/6089"}],"wp:attachment":[{"href":"https:\/\/www.gumpoldskirchnerspatzen.at\/en\/wp-json\/wp\/v2\/media?parent=30"}],"curies":[{"name":"wp","href":"https:\/\/api.w.org\/{rel}","templated":true}]}}