{"id":28,"date":"2024-03-25T16:56:08","date_gmt":"2024-03-25T16:56:08","guid":{"rendered":"http:\/\/localhost:3000\/?page_id=28"},"modified":"2025-08-19T17:22:57","modified_gmt":"2025-08-19T17:22:57","slug":"unterstutzen","status":"publish","type":"page","link":"https:\/\/www.gumpoldskirchnerspatzen.at\/en\/unterstutzen\/","title":{"rendered":"Support Us"},"content":{"rendered":"<section class=\"c-lazyblock-page-header-GA3ou\">\n  <div class=\"v-page-header\">\n    <div class=\"l-cl l-cl--full\">\n      <div class=\"l-page-header-inner\">\n                      <h1 class=\"v-page-title\">Unterst\u00fctze uns<\/h1>\n                          <\/div>\n    <\/div>\n  <\/div>\n<\/section>\n\n\n<section class=\"lazyblock-content-section-ZJdcl1\">\n  <div class=\"v-section\">\n    <div class=\"l-cl\">\n      <div class=\"lazyblock-inner-blocks\">\n\n<div class=\"l-text-card\">\n\n  \n    <div><p data-start=\"142\" data-end=\"519\">Die Spatzen leben von ihrer Musik \u2013 doch damit ihre Stimmen auch au\u00dferhalb der Heimat erklingen k\u00f6nnen, braucht es mehr als Proben und Begeisterung. Konzertreisen, Auftritte und Projekte bringen unvergessliche Erlebnisse f\u00fcr die Kinder und schenken dem Publikum kostbare Momente. Damit diese musikalischen Abenteuer m\u00f6glich bleiben, ist der Chor auf Unterst\u00fctzung angewiesen.<\/p>\n<p data-start=\"521\" data-end=\"736\">Jeder Beitrag \u2013 ob gro\u00df oder klein \u2013 st\u00e4rkt direkt die Arbeit mit den Kindern und Jugendlichen. Eure Spende hilft nicht nur, die Tradition und Qualit\u00e4t des Chores zu sichern, sondern ist auch steuerlich absetzbar.<\/p>\n<p>Kontakt bei R\u00fcckfragen\u00a0<\/p>\n<p><a href=\"mailto:office@gumpoldskirchnerspatzen.at\">office@gumpoldskirchnerspatzen.at<\/a><br \/><br \/><\/p><\/div>\n\n    \n  \n    <div>\n      <div class=\"v-card\">\n        <div class=\"l-stack\">\n  \n          <h2>Unterst\u00fctze die Gumpoldskirchner Spatzen<\/h2>\n<p>Die Spatzen freuen sich \u00fcber Deine Unterst\u00fctzung!<\/p>\n<p><span data-olk-copy-source=\"MessageBody\">IBAN: AT50 3225 0000 0103 8355 <br \/>BIC:\u00a0RLNWATWWGTD<\/span><\/p>  \n        <\/div>\n      <\/div>\n    <\/div>\n\n  \n<\/div>\n\n\n\n<style>\n  .c-lazyblock-floating-image-Z7BAk6 {\n    --image-float: left;\n    --image-padding: 0 1.75rem 0.5rem 0;\n    --image-width: 20%; ?>\n  }\n<\/style>\n\n<div class=\"c-floating-image c-lazyblock-floating-image-Z7BAk6\">\n      <img loading=\"lazy\" decoding=\"async\"\n      class=\"v-floating-image\"\n      src=\"https:\/\/www.gumpoldskirchnerspatzen.at\/wp-content\/uploads\/Spendenbegunstigung-Sticker-1110x1200.png\"\n      width=\"1110\"\n      height=\"1200\"\n      alt=\"\"\n    \/>\n  <\/div>\n<\/div>\n          <\/div>\n  <\/div>\n<\/section>\n\n\n<section class=\"lazyblock-content-section-Z29pisH\">\n  <div class=\"v-section v-section--no-top-padding\">\n    <div class=\"l-cl\">\n      <div class=\"lazyblock-inner-blocks\">\n\n<div class=\"l-text-card\">\n\n  \n    <div><p>Travel costs, bus transfers, food, accommodation on concert tours \u2013 the sparrows can only fly away if their financial needs are met and a safe journey for the children is guaranteed. That's why many Sparrow parents and old sparrows (former choir members) have become members of the support association and more and more fans and friends are generously supporting the Sparrows through membership fees, individual donations or as part of corporate sponsorships.<\/p>\n<p>The chairwoman of the support association, Christine Scheitz, is happy about \u201cfriends\u201d, sponsors and voluntary support.<\/p>\n<p><a href=\"mailto: freunde.spatzen@gmx.at\">freunde.spatzen@gmx.at<\/a><br \/><br \/><\/p><\/div>\n\n    \n  \n    <div>\n      <div class=\"v-card\">\n        <div class=\"l-stack\">\n  \n          <h2>Freunde der Spatzen<\/h2>\n<p>The \u201cFreunde der Gumpoldskirchner Spatzen\u201d support association is happy about your support!<\/p>\n<p>IBAN: AT12 3225 0080 0040 0119<\/p>  \n        <\/div>\n      <\/div>\n    <\/div>\n\n  \n<\/div>\n\n<\/div>\n          <\/div>\n  <\/div>\n<\/section>\n\n\n<section class=\"lazyblock-content-section-22BBGP\">\n  <div class=\"v-section v-section--padding-small v-section--background-dark\">\n    <div class=\"l-cl l-cl--full\">\n      <div class=\"lazyblock-inner-blocks\">\n\n<div class=\"l-logos-section-inner\">\n\n  \n    <div class=\"v-logos-text\">\n      Der F\u00f6rderverein &quot;Freunde der Gumpoldskirchner Spatzen&quot; wird unterst\u00fctzt von     <\/div>\n\n  \n  <div class=\"l-logos\">  \n  \n      \n        \n        \n<img loading=\"lazy\" decoding=\"async\"\n  src=\"https:\/\/www.gumpoldskirchnerspatzen.at\/wp-content\/uploads\/Raika-weis.png\"\n  width=\"462\"\n  height=\"109\"\n  style=\"width: calc(25rem * 0.51)\"\n  alt=\"\"\n\/>  \n        \n      \n  <\/div>\n\n<\/div>\n\n<\/div>\n          <\/div>\n  <\/div>\n<\/section>\n\n\n<section class=\"lazyblock-content-section-Z2ndeQQ\">\n  <div class=\"v-section v-section--background-light\">\n    <div class=\"l-cl l-cl--tiny\">\n      <div class=\"lazyblock-inner-blocks\">\n\n<h2 class=\"wp-block-heading has-text-align-center\">Contact us!<\/h2>\n\n\n\n<p class=\"has-text-align-center\">The support association looks forward to hearing from you!<\/p>\n\n\n\n<div style=\"height:16px\" aria-hidden=\"true\" class=\"wp-block-spacer\"><\/div>\n\n\n\n<div class=\"forminator-guttenberg\"><div class=\"forminator-ui forminator-custom-form forminator-custom-form-5796  forminator-enclosed forminator_ajax\" data-forminator-render=\"0\" data-form=\"forminator-module-5796\" data-uid=\"69e6579ae0a32\"><br\/><\/div><form\n\t\t\t\tid=\"forminator-module-5796\"\n\t\t\t\tclass=\"forminator-ui forminator-custom-form forminator-custom-form-5796  forminator-enclosed forminator_ajax\"\n\t\t\t\tmethod=\"post\"\n\t\t\t\tdata-forminator-render=\"0\"\n\t\t\t\tdata-form-id=\"5796\"\n\t\t\t\t\n\t\t\t\tdata-design=\"none\"\n\t\t\t\tdata-color-option=\"default\"\n\t\t\t\t\n\t\t\t\t\n\t\t\t\t\n\t\t\t\tdata-grid=\"enclosed\"\n\t\t\t\t\n\t\t\t\t\n\t\t\t\tstyle=\"display: none;\"\n\t\t\t\t\n\t\t\t\tdata-uid=\"69e6579ae0a32\" action=\"\"\n\t\t\t><div role=\"alert\" aria-live=\"polite\" class=\"forminator-response-message forminator-error\" aria-hidden=\"true\"><\/div><div class=\"forminator-row\"><div id=\"email-1\" class=\"forminator-field-email forminator-col forminator-col-12\"><div class=\"forminator-field\"><label for=\"forminator-field-email-1_69e6579ae0a32\" id=\"forminator-field-email-1_69e6579ae0a32-label\" class=\"forminator-label\">Email <span class=\"forminator-required\">*<\/span><\/label><input type=\"email\" name=\"email-1\" value=\"\" placeholder=\"Enter your email address\" id=\"forminator-field-email-1_69e6579ae0a32\" class=\"forminator-input forminator-email--field\" data-required=\"1\" aria-required=\"true\" \/><\/div><\/div><\/div><div class=\"forminator-row\"><div id=\"textarea-1\" class=\"forminator-field-textarea forminator-col forminator-col-12\"><div class=\"forminator-field\"><label for=\"forminator-field-textarea-1_69e6579ae0a32\" id=\"forminator-field-textarea-1_69e6579ae0a32-label\" class=\"forminator-label\">Message<\/label><textarea name=\"textarea-1\" placeholder=\"Enter your message\" id=\"forminator-field-textarea-1_69e6579ae0a32\" class=\"forminator-textarea\" rows=\"6\" style=\"min-height:140px;\" ><\/textarea><\/div><\/div><\/div><input type=\"hidden\" name=\"referer_url\" value=\"\" \/><div class=\"forminator-row forminator-row-last\"><div class=\"forminator-col\"><div class=\"forminator-field\"><button class=\"forminator-button forminator-button-submit v-button\">Nachricht senden<\/button><\/div><\/div><\/div><input type=\"hidden\" id=\"forminator_nonce\" name=\"forminator_nonce\" value=\"58fcb62218\" \/><input type=\"hidden\" name=\"_wp_http_referer\" value=\"\/en\/wp-json\/wp\/v2\/pages\/28\" \/><input type=\"hidden\" name=\"form_id\" value=\"5796\"><input type=\"hidden\" name=\"page_id\" value=\"28\"><input type=\"hidden\" name=\"form_type\" value=\"default\"><input type=\"hidden\" name=\"current_url\" value=\"https:\/\/www.gumpoldskirchnerspatzen.at\/en\/unterstutzen\/\"><input type=\"hidden\" name=\"render_id\" value=\"0\"><input type=\"hidden\" name=\"action\" value=\"forminator_submit_form_custom-forms\"><input type=\"hidden\" name=\"trp-form-language\" value=\"en\"\/><\/form><\/div>\n\n<\/div>\n          <\/div>\n  <\/div>\n<\/section>","protected":false},"excerpt":{"rendered":"","protected":false},"author":1,"featured_media":0,"parent":0,"menu_order":0,"comment_status":"closed","ping_status":"closed","template":"","meta":{"footnotes":""},"class_list":["post-28","page","type-page","status-publish","hentry"],"yoast_head":"<!-- This site is optimized with the Yoast SEO plugin v26.0 - https:\/\/yoast.com\/wordpress\/plugins\/seo\/ -->\n<title>Unterst\u00fctzen - Gumpoldskirchner Spatzen<\/title>\n<meta name=\"description\" content=\"Unterst\u00fctze den Chor der Gumpoldskirchner Spatzen und hilf uns, unsere musikalischen Projekte zu realisieren.\" \/>\n<meta name=\"robots\" content=\"index, follow, max-snippet:-1, max-image-preview:large, max-video-preview:-1\" \/>\n<link rel=\"canonical\" href=\"https:\/\/www.gumpoldskirchnerspatzen.at\/en\/unterstutzen\/\" \/>\n<meta property=\"og:locale\" content=\"en_US\" \/>\n<meta property=\"og:type\" content=\"article\" \/>\n<meta property=\"og:title\" content=\"Unterst\u00fctzen - Gumpoldskirchner Spatzen\" \/>\n<meta property=\"og:description\" content=\"Unterst\u00fctze den Chor der Gumpoldskirchner Spatzen und hilf uns, unsere musikalischen Projekte zu realisieren.\" \/>\n<meta property=\"og:url\" content=\"https:\/\/www.gumpoldskirchnerspatzen.at\/en\/unterstutzen\/\" \/>\n<meta property=\"og:site_name\" content=\"Gumpoldskirchner Spatzen\" \/>\n<meta property=\"article:publisher\" content=\"https:\/\/www.facebook.com\/GumpoldskirchnerSpatzen\" \/>\n<meta property=\"article:modified_time\" content=\"2025-08-19T17:22:57+00:00\" \/>\n<meta property=\"og:image\" content=\"https:\/\/www.gumpoldskirchnerspatzen.at\/wp-content\/uploads\/SpatzenWeinberg_\u220fYvonneKiss.jpg\" \/>\n\t<meta property=\"og:image:width\" content=\"1000\" \/>\n\t<meta property=\"og:image:height\" content=\"667\" \/>\n\t<meta property=\"og:image:type\" content=\"image\/jpeg\" \/>\n<meta name=\"twitter:card\" content=\"summary_large_image\" \/>\n<meta name=\"twitter:label1\" content=\"Est. reading time\" \/>\n\t<meta name=\"twitter:data1\" content=\"1 minute\" \/>\n<script type=\"application\/ld+json\" class=\"yoast-schema-graph\">{\"@context\":\"https:\/\/schema.org\",\"@graph\":[{\"@type\":\"WebPage\",\"@id\":\"https:\/\/www.gumpoldskirchnerspatzen.at\/unterstutzen\/\",\"url\":\"https:\/\/www.gumpoldskirchnerspatzen.at\/unterstutzen\/\",\"name\":\"Unterst\u00fctzen - Gumpoldskirchner Spatzen\",\"isPartOf\":{\"@id\":\"https:\/\/www.gumpoldskirchnerspatzen.at\/#website\"},\"datePublished\":\"2024-03-25T16:56:08+00:00\",\"dateModified\":\"2025-08-19T17:22:57+00:00\",\"description\":\"Unterst\u00fctze den Chor der Gumpoldskirchner Spatzen und hilf uns, unsere musikalischen Projekte zu realisieren.\",\"breadcrumb\":{\"@id\":\"https:\/\/www.gumpoldskirchnerspatzen.at\/unterstutzen\/#breadcrumb\"},\"inLanguage\":\"en-US\",\"potentialAction\":[{\"@type\":\"ReadAction\",\"target\":[\"https:\/\/www.gumpoldskirchnerspatzen.at\/unterstutzen\/\"]}]},{\"@type\":\"BreadcrumbList\",\"@id\":\"https:\/\/www.gumpoldskirchnerspatzen.at\/unterstutzen\/#breadcrumb\",\"itemListElement\":[{\"@type\":\"ListItem\",\"position\":1,\"name\":\"Home\",\"item\":\"https:\/\/www.gumpoldskirchnerspatzen.at\/\"},{\"@type\":\"ListItem\",\"position\":2,\"name\":\"Unterst\u00fctzen\"}]},{\"@type\":\"WebSite\",\"@id\":\"https:\/\/www.gumpoldskirchnerspatzen.at\/#website\",\"url\":\"https:\/\/www.gumpoldskirchnerspatzen.at\/\",\"name\":\"Gumpoldskirchner Spatzen\",\"description\":\"\",\"publisher\":{\"@id\":\"https:\/\/www.gumpoldskirchnerspatzen.at\/#organization\"},\"potentialAction\":[{\"@type\":\"SearchAction\",\"target\":{\"@type\":\"EntryPoint\",\"urlTemplate\":\"https:\/\/www.gumpoldskirchnerspatzen.at\/?s={search_term_string}\"},\"query-input\":{\"@type\":\"PropertyValueSpecification\",\"valueRequired\":true,\"valueName\":\"search_term_string\"}}],\"inLanguage\":\"en-US\"},{\"@type\":\"Organization\",\"@id\":\"https:\/\/www.gumpoldskirchnerspatzen.at\/#organization\",\"name\":\"Gumpoldskirchner Spatzen\",\"url\":\"https:\/\/www.gumpoldskirchnerspatzen.at\/\",\"logo\":{\"@type\":\"ImageObject\",\"inLanguage\":\"en-US\",\"@id\":\"https:\/\/www.gumpoldskirchnerspatzen.at\/#\/schema\/logo\/image\/\",\"url\":\"https:\/\/www.gumpoldskirchnerspatzen.at\/staging\/wp-content\/uploads\/logo.png\",\"contentUrl\":\"https:\/\/www.gumpoldskirchnerspatzen.at\/staging\/wp-content\/uploads\/logo.png\",\"width\":781,\"height\":167,\"caption\":\"Gumpoldskirchner Spatzen\"},\"image\":{\"@id\":\"https:\/\/www.gumpoldskirchnerspatzen.at\/#\/schema\/logo\/image\/\"},\"sameAs\":[\"https:\/\/www.facebook.com\/GumpoldskirchnerSpatzen\",\"https:\/\/www.youtube.com\/user\/GumpSpatzen\",\"https:\/\/www.instagram.com\/gumpoldskirchnerspatzen\/\"]}]}<\/script>\n<!-- \/ Yoast SEO plugin. -->","yoast_head_json":{"title":"Unterst\u00fctzen - Gumpoldskirchner Spatzen","description":"Unterst\u00fctze den Chor der Gumpoldskirchner Spatzen und hilf uns, unsere musikalischen Projekte zu realisieren.","robots":{"index":"index","follow":"follow","max-snippet":"max-snippet:-1","max-image-preview":"max-image-preview:large","max-video-preview":"max-video-preview:-1"},"canonical":"https:\/\/www.gumpoldskirchnerspatzen.at\/en\/unterstutzen\/","og_locale":"en_US","og_type":"article","og_title":"Unterst\u00fctzen - Gumpoldskirchner Spatzen","og_description":"Unterst\u00fctze den Chor der Gumpoldskirchner Spatzen und hilf uns, unsere musikalischen Projekte zu realisieren.","og_url":"https:\/\/www.gumpoldskirchnerspatzen.at\/en\/unterstutzen\/","og_site_name":"Gumpoldskirchner Spatzen","article_publisher":"https:\/\/www.facebook.com\/GumpoldskirchnerSpatzen","article_modified_time":"2025-08-19T17:22:57+00:00","og_image":[{"width":1000,"height":667,"url":"https:\/\/www.gumpoldskirchnerspatzen.at\/wp-content\/uploads\/SpatzenWeinberg_\u220fYvonneKiss.jpg","type":"image\/jpeg"}],"twitter_card":"summary_large_image","twitter_misc":{"Est. reading time":"1 minute"},"schema":{"@context":"https:\/\/schema.org","@graph":[{"@type":"WebPage","@id":"https:\/\/www.gumpoldskirchnerspatzen.at\/unterstutzen\/","url":"https:\/\/www.gumpoldskirchnerspatzen.at\/unterstutzen\/","name":"Unterst\u00fctzen - Gumpoldskirchner Spatzen","isPartOf":{"@id":"https:\/\/www.gumpoldskirchnerspatzen.at\/#website"},"datePublished":"2024-03-25T16:56:08+00:00","dateModified":"2025-08-19T17:22:57+00:00","description":"Unterst\u00fctze den Chor der Gumpoldskirchner Spatzen und hilf uns, unsere musikalischen Projekte zu realisieren.","breadcrumb":{"@id":"https:\/\/www.gumpoldskirchnerspatzen.at\/unterstutzen\/#breadcrumb"},"inLanguage":"en-US","potentialAction":[{"@type":"ReadAction","target":["https:\/\/www.gumpoldskirchnerspatzen.at\/unterstutzen\/"]}]},{"@type":"BreadcrumbList","@id":"https:\/\/www.gumpoldskirchnerspatzen.at\/unterstutzen\/#breadcrumb","itemListElement":[{"@type":"ListItem","position":1,"name":"Home","item":"https:\/\/www.gumpoldskirchnerspatzen.at\/"},{"@type":"ListItem","position":2,"name":"Unterst\u00fctzen"}]},{"@type":"WebSite","@id":"https:\/\/www.gumpoldskirchnerspatzen.at\/#website","url":"https:\/\/www.gumpoldskirchnerspatzen.at\/","name":"Gumpoldskirchner Spatzen","description":"","publisher":{"@id":"https:\/\/www.gumpoldskirchnerspatzen.at\/#organization"},"potentialAction":[{"@type":"SearchAction","target":{"@type":"EntryPoint","urlTemplate":"https:\/\/www.gumpoldskirchnerspatzen.at\/?s={search_term_string}"},"query-input":{"@type":"PropertyValueSpecification","valueRequired":true,"valueName":"search_term_string"}}],"inLanguage":"en-US"},{"@type":"Organization","@id":"https:\/\/www.gumpoldskirchnerspatzen.at\/#organization","name":"Gumpoldskirchner Spatzen","url":"https:\/\/www.gumpoldskirchnerspatzen.at\/","logo":{"@type":"ImageObject","inLanguage":"en-US","@id":"https:\/\/www.gumpoldskirchnerspatzen.at\/#\/schema\/logo\/image\/","url":"https:\/\/www.gumpoldskirchnerspatzen.at\/staging\/wp-content\/uploads\/logo.png","contentUrl":"https:\/\/www.gumpoldskirchnerspatzen.at\/staging\/wp-content\/uploads\/logo.png","width":781,"height":167,"caption":"Gumpoldskirchner Spatzen"},"image":{"@id":"https:\/\/www.gumpoldskirchnerspatzen.at\/#\/schema\/logo\/image\/"},"sameAs":["https:\/\/www.facebook.com\/GumpoldskirchnerSpatzen","https:\/\/www.youtube.com\/user\/GumpSpatzen","https:\/\/www.instagram.com\/gumpoldskirchnerspatzen\/"]}]}},"_links":{"self":[{"href":"https:\/\/www.gumpoldskirchnerspatzen.at\/en\/wp-json\/wp\/v2\/pages\/28","targetHints":{"allow":["GET"]}}],"collection":[{"href":"https:\/\/www.gumpoldskirchnerspatzen.at\/en\/wp-json\/wp\/v2\/pages"}],"about":[{"href":"https:\/\/www.gumpoldskirchnerspatzen.at\/en\/wp-json\/wp\/v2\/types\/page"}],"author":[{"embeddable":true,"href":"https:\/\/www.gumpoldskirchnerspatzen.at\/en\/wp-json\/wp\/v2\/users\/1"}],"replies":[{"embeddable":true,"href":"https:\/\/www.gumpoldskirchnerspatzen.at\/en\/wp-json\/wp\/v2\/comments?post=28"}],"version-history":[{"count":40,"href":"https:\/\/www.gumpoldskirchnerspatzen.at\/en\/wp-json\/wp\/v2\/pages\/28\/revisions"}],"predecessor-version":[{"id":6173,"href":"https:\/\/www.gumpoldskirchnerspatzen.at\/en\/wp-json\/wp\/v2\/pages\/28\/revisions\/6173"}],"wp:attachment":[{"href":"https:\/\/www.gumpoldskirchnerspatzen.at\/en\/wp-json\/wp\/v2\/media?parent=28"}],"curies":[{"name":"wp","href":"https:\/\/api.w.org\/{rel}","templated":true}]}}