{"id":18,"date":"2024-03-25T16:55:04","date_gmt":"2024-03-25T16:55:04","guid":{"rendered":"http:\/\/localhost:3000\/?page_id=18"},"modified":"2025-02-15T14:28:00","modified_gmt":"2025-02-15T14:28:00","slug":"chorschule","status":"publish","type":"page","link":"https:\/\/www.gumpoldskirchnerspatzen.at\/en\/chorschule\/","title":{"rendered":"Choir School"},"content":{"rendered":"<style>\n  .c-lazyblock-hero-section-2djjP8 {\n    --section-min-height: 22rem;\n    --section-background-image: url(\"https:\/\/www.gumpoldskirchnerspatzen.at\/wp-content\/uploads\/chorschule-2000x741.jpg\");\n    --section-background-image-position-x: center;\n    --section-background-image-position-y: center;\n    --section-background-image-opacity: 0.77;\n    --section-background-overlay-opacity: 0.65;\n  }\n<\/style>\n\n<section class=\"c-lazyblock-hero-section-2djjP8\">\n  <div class=\"v-section v-section--hero\">\n    <div class=\"l-cl l-cl--full\">\n      <div class=\"l-hero-inner\">\n        <div class=\"l-page-header-text\">\n          <div class=\"l-hero-content\">\n                      <h1 class=\"v-page-title\">Choir School<\/h1>\n                                        <\/div>\n        <\/div>\n      <\/div>\n    <\/div>\n  <\/div>\n  <div class=\"l-section-background\">\n    <div class=\"v-section-background\"><\/div>\n  <\/div>\n<\/section>\n\n\n<section class=\"lazyblock-content-section-23PCEw\">\n  <div class=\"v-section v-section--no-bottom-padding\">\n    <div class=\"l-cl\">\n      <div class=\"lazyblock-inner-blocks\">\n\n<div class=\"l-text-card\">\n\n  \n    <div><p>The Gumpoldskirchner Spatzen choir school welcomes children aged 6 to 9 who enjoy singing and want to discover their voice together in the choir. Rehearsals take place once a week, with single and polyphonic songs being sung, danced and made with Orff instruments. There is the opportunity to perform on stage as a soloist or in a choir and to take part in concerts. After successfully completing your time at choir school (approx. 9 years old), you have the opportunity to audition for the Gumpoldskirchner Spatzen concert choir.<\/p>\n<p>Rehearsals are always on Mondays at the Gumpoldskirchen Music School, Jubil\u00e4umsstra\u00dfe 23, 2352 Gumpoldskirchen.<\/p><\/div>\n\n    \n  \n    <div>\n      <div class=\"v-card\">\n        <div class=\"l-stack\">\n  \n          <h2>Rehearsals<\/h2>\n<h5>Mondays:<\/h5>\n<p>4:00 p.m. \u2013 4:50 p.m. Group I (1.+ 2. grade elementary school)<br \/>5:00 p.m. \u2013 5:50 p.m. Group II (3.+ 4. grade elementary school)\u00a0<\/p>\n<h5>Every 1st Monday of the month:<\/h5>\n<p>4:00 p.m. \u2013 5:50 p.m. Plenum for both groups<\/p>\n<h5>School of music Gumpoldskirchen<\/h5>\n<p>Jubil\u00e4umsstra\u00dfe 23, 2352 Gumpoldskirchen<\/p>  \n        <\/div>\n      <\/div>\n    <\/div>\n\n  \n<\/div>\n\n<\/div>\n          <\/div>\n  <\/div>\n<\/section>\n\n\n<section class=\"lazyblock-content-section-Z1Ma7Ir\">\n  <div class=\"v-section v-section--no-top-padding v-section--no-bottom-padding v-section--padding-small\">\n    <div class=\"l-cl\">\n      <div class=\"lazyblock-inner-blocks\">\n\n<h2 class=\"wp-block-heading\">Leitung<\/h2>\n\n\n\n<p><\/p>\n\n<\/div>\n          <\/div>\n  <\/div>\n<\/section>\n\n\n<section class=\"lazyblock-content-section-ZbvNXH\">\n  <div class=\"v-section v-section--no-top-padding\">\n    <div class=\"l-cl\">\n      <div class=\"lazyblock-inner-blocks\">\n\n<style>\n  .c-lazyblock-floating-image-Z1hwgBm {\n    --image-float: left;\n    --image-padding: 0 1.75rem 0.5rem 0;\n    --image-width: 25%; ?>\n  }\n<\/style>\n\n<div class=\"c-floating-image c-lazyblock-floating-image-Z1hwgBm\">\n      <img loading=\"lazy\" decoding=\"async\"\n      class=\"v-floating-image\"\n      src=\"https:\/\/www.gumpoldskirchnerspatzen.at\/wp-content\/uploads\/Marlene-Distl-Website-872x1200.png\"\n      width=\"872\"\n      height=\"1200\"\n      alt=\"\"\n    \/>\n  <\/div>\n\n\n<h2 class=\"wp-block-heading\">Marlene Distl<\/h2>\n\n\n\n<p>Marlene Distl studierte an der Universit\u00e4t f\u00fcr Musik und darstellende Kunst in Wien&nbsp;Musik- und Gesangsp\u00e4dagogik u.a. bei Prof. Rott und Walter Berry und absolvierte Meisterkurse f\u00fcr Lied bei KMS Christa Ludwig und f\u00fcr barocke Auff\u00fchrungspraxis bei Erich Traxler und J\u00f6rg Zwicker. W\u00e4hrend des Studiums war sie Mitglied des Arnold Schoenberg Chores und bekam danach Soloengangements bei vielen Opernproduktion, etwa bei den Wiener Festwochen und den Opernfestspielen in St. Margarethen.&nbsp;<\/p>\n\n\n\n<p>Seit 1988 ist Marlene Distl Leiterin der Kindersingschule der Joe Zawinul-Musikschule Gumpoldskirchen, seit 1993 unterrichtet sie Sologesang und seit 2017 hat sie die Leitung der Chorschule der Gumpoldskirchner Spatzen \u00fcbernommen. In dieser Zeit hat sie eine Vielzahl an Kindermusicals realisiert. Zudem leitet sie seit 2000 den &#8222;S\u00e4ngerverein Gaaden&#8220; und hat 2024 die Vocal-Coach Ausbildung am CVI Kopenhagen absolviert. Ihre musikalischen Sch\u00fctzlingen haben zahlreiche Preise beim Landes- und Bundsjugendwettbewerb PRIMA LA MUSICA gewonnen.<\/p>\n\n<\/div>\n          <\/div>\n  <\/div>\n<\/section>","protected":false},"excerpt":{"rendered":"","protected":false},"author":1,"featured_media":0,"parent":0,"menu_order":0,"comment_status":"closed","ping_status":"closed","template":"","meta":{"footnotes":""},"class_list":["post-18","page","type-page","status-publish","hentry"],"yoast_head":"<!-- This site is optimized with the Yoast SEO plugin v26.0 - https:\/\/yoast.com\/wordpress\/plugins\/seo\/ -->\n<title>Chorschule - Gumpoldskirchner Spatzen<\/title>\n<meta name=\"description\" content=\"Die Chorschule: Singfreudige Kinder von 6-9 Jahren entdecken ihre Stimme in w\u00f6chentlichen Proben und bei Auftritten.\" \/>\n<meta name=\"robots\" content=\"index, follow, max-snippet:-1, max-image-preview:large, max-video-preview:-1\" \/>\n<link rel=\"canonical\" href=\"https:\/\/www.gumpoldskirchnerspatzen.at\/en\/chorschule\/\" \/>\n<meta property=\"og:locale\" content=\"en_US\" \/>\n<meta property=\"og:type\" content=\"article\" \/>\n<meta property=\"og:title\" content=\"Chorschule - Gumpoldskirchner Spatzen\" \/>\n<meta property=\"og:description\" content=\"Die Chorschule: Singfreudige Kinder von 6-9 Jahren entdecken ihre Stimme in w\u00f6chentlichen Proben und bei Auftritten.\" \/>\n<meta property=\"og:url\" content=\"https:\/\/www.gumpoldskirchnerspatzen.at\/en\/chorschule\/\" \/>\n<meta property=\"og:site_name\" content=\"Gumpoldskirchner Spatzen\" \/>\n<meta property=\"article:publisher\" content=\"https:\/\/www.facebook.com\/GumpoldskirchnerSpatzen\" \/>\n<meta property=\"article:modified_time\" content=\"2025-02-15T14:28:00+00:00\" \/>\n<meta property=\"og:image\" content=\"https:\/\/www.gumpoldskirchnerspatzen.at\/wp-content\/uploads\/SpatzenWeinberg_\u220fYvonneKiss.jpg\" \/>\n\t<meta property=\"og:image:width\" content=\"1000\" \/>\n\t<meta property=\"og:image:height\" content=\"667\" \/>\n\t<meta property=\"og:image:type\" content=\"image\/jpeg\" \/>\n<meta name=\"twitter:card\" content=\"summary_large_image\" \/>\n<meta name=\"twitter:label1\" content=\"Est. reading time\" \/>\n\t<meta name=\"twitter:data1\" content=\"1 minute\" \/>\n<script type=\"application\/ld+json\" class=\"yoast-schema-graph\">{\"@context\":\"https:\/\/schema.org\",\"@graph\":[{\"@type\":\"WebPage\",\"@id\":\"https:\/\/www.gumpoldskirchnerspatzen.at\/chorschule\/\",\"url\":\"https:\/\/www.gumpoldskirchnerspatzen.at\/chorschule\/\",\"name\":\"Chorschule - Gumpoldskirchner Spatzen\",\"isPartOf\":{\"@id\":\"https:\/\/www.gumpoldskirchnerspatzen.at\/#website\"},\"datePublished\":\"2024-03-25T16:55:04+00:00\",\"dateModified\":\"2025-02-15T14:28:00+00:00\",\"description\":\"Die Chorschule: Singfreudige Kinder von 6-9 Jahren entdecken ihre Stimme in w\u00f6chentlichen Proben und bei Auftritten.\",\"breadcrumb\":{\"@id\":\"https:\/\/www.gumpoldskirchnerspatzen.at\/chorschule\/#breadcrumb\"},\"inLanguage\":\"en-US\",\"potentialAction\":[{\"@type\":\"ReadAction\",\"target\":[\"https:\/\/www.gumpoldskirchnerspatzen.at\/chorschule\/\"]}]},{\"@type\":\"BreadcrumbList\",\"@id\":\"https:\/\/www.gumpoldskirchnerspatzen.at\/chorschule\/#breadcrumb\",\"itemListElement\":[{\"@type\":\"ListItem\",\"position\":1,\"name\":\"Home\",\"item\":\"https:\/\/www.gumpoldskirchnerspatzen.at\/\"},{\"@type\":\"ListItem\",\"position\":2,\"name\":\"Chorschule\"}]},{\"@type\":\"WebSite\",\"@id\":\"https:\/\/www.gumpoldskirchnerspatzen.at\/#website\",\"url\":\"https:\/\/www.gumpoldskirchnerspatzen.at\/\",\"name\":\"Gumpoldskirchner Spatzen\",\"description\":\"\",\"publisher\":{\"@id\":\"https:\/\/www.gumpoldskirchnerspatzen.at\/#organization\"},\"potentialAction\":[{\"@type\":\"SearchAction\",\"target\":{\"@type\":\"EntryPoint\",\"urlTemplate\":\"https:\/\/www.gumpoldskirchnerspatzen.at\/?s={search_term_string}\"},\"query-input\":{\"@type\":\"PropertyValueSpecification\",\"valueRequired\":true,\"valueName\":\"search_term_string\"}}],\"inLanguage\":\"en-US\"},{\"@type\":\"Organization\",\"@id\":\"https:\/\/www.gumpoldskirchnerspatzen.at\/#organization\",\"name\":\"Gumpoldskirchner Spatzen\",\"url\":\"https:\/\/www.gumpoldskirchnerspatzen.at\/\",\"logo\":{\"@type\":\"ImageObject\",\"inLanguage\":\"en-US\",\"@id\":\"https:\/\/www.gumpoldskirchnerspatzen.at\/#\/schema\/logo\/image\/\",\"url\":\"https:\/\/www.gumpoldskirchnerspatzen.at\/staging\/wp-content\/uploads\/logo.png\",\"contentUrl\":\"https:\/\/www.gumpoldskirchnerspatzen.at\/staging\/wp-content\/uploads\/logo.png\",\"width\":781,\"height\":167,\"caption\":\"Gumpoldskirchner Spatzen\"},\"image\":{\"@id\":\"https:\/\/www.gumpoldskirchnerspatzen.at\/#\/schema\/logo\/image\/\"},\"sameAs\":[\"https:\/\/www.facebook.com\/GumpoldskirchnerSpatzen\",\"https:\/\/www.youtube.com\/user\/GumpSpatzen\",\"https:\/\/www.instagram.com\/gumpoldskirchnerspatzen\/\"]}]}<\/script>\n<!-- \/ Yoast SEO plugin. -->","yoast_head_json":{"title":"Chorschule - Gumpoldskirchner Spatzen","description":"Die Chorschule: Singfreudige Kinder von 6-9 Jahren entdecken ihre Stimme in w\u00f6chentlichen Proben und bei Auftritten.","robots":{"index":"index","follow":"follow","max-snippet":"max-snippet:-1","max-image-preview":"max-image-preview:large","max-video-preview":"max-video-preview:-1"},"canonical":"https:\/\/www.gumpoldskirchnerspatzen.at\/en\/chorschule\/","og_locale":"en_US","og_type":"article","og_title":"Chorschule - Gumpoldskirchner Spatzen","og_description":"Die Chorschule: Singfreudige Kinder von 6-9 Jahren entdecken ihre Stimme in w\u00f6chentlichen Proben und bei Auftritten.","og_url":"https:\/\/www.gumpoldskirchnerspatzen.at\/en\/chorschule\/","og_site_name":"Gumpoldskirchner Spatzen","article_publisher":"https:\/\/www.facebook.com\/GumpoldskirchnerSpatzen","article_modified_time":"2025-02-15T14:28:00+00:00","og_image":[{"width":1000,"height":667,"url":"https:\/\/www.gumpoldskirchnerspatzen.at\/wp-content\/uploads\/SpatzenWeinberg_\u220fYvonneKiss.jpg","type":"image\/jpeg"}],"twitter_card":"summary_large_image","twitter_misc":{"Est. reading time":"1 minute"},"schema":{"@context":"https:\/\/schema.org","@graph":[{"@type":"WebPage","@id":"https:\/\/www.gumpoldskirchnerspatzen.at\/chorschule\/","url":"https:\/\/www.gumpoldskirchnerspatzen.at\/chorschule\/","name":"Chorschule - Gumpoldskirchner Spatzen","isPartOf":{"@id":"https:\/\/www.gumpoldskirchnerspatzen.at\/#website"},"datePublished":"2024-03-25T16:55:04+00:00","dateModified":"2025-02-15T14:28:00+00:00","description":"Die Chorschule: Singfreudige Kinder von 6-9 Jahren entdecken ihre Stimme in w\u00f6chentlichen Proben und bei Auftritten.","breadcrumb":{"@id":"https:\/\/www.gumpoldskirchnerspatzen.at\/chorschule\/#breadcrumb"},"inLanguage":"en-US","potentialAction":[{"@type":"ReadAction","target":["https:\/\/www.gumpoldskirchnerspatzen.at\/chorschule\/"]}]},{"@type":"BreadcrumbList","@id":"https:\/\/www.gumpoldskirchnerspatzen.at\/chorschule\/#breadcrumb","itemListElement":[{"@type":"ListItem","position":1,"name":"Home","item":"https:\/\/www.gumpoldskirchnerspatzen.at\/"},{"@type":"ListItem","position":2,"name":"Chorschule"}]},{"@type":"WebSite","@id":"https:\/\/www.gumpoldskirchnerspatzen.at\/#website","url":"https:\/\/www.gumpoldskirchnerspatzen.at\/","name":"Gumpoldskirchner Spatzen","description":"","publisher":{"@id":"https:\/\/www.gumpoldskirchnerspatzen.at\/#organization"},"potentialAction":[{"@type":"SearchAction","target":{"@type":"EntryPoint","urlTemplate":"https:\/\/www.gumpoldskirchnerspatzen.at\/?s={search_term_string}"},"query-input":{"@type":"PropertyValueSpecification","valueRequired":true,"valueName":"search_term_string"}}],"inLanguage":"en-US"},{"@type":"Organization","@id":"https:\/\/www.gumpoldskirchnerspatzen.at\/#organization","name":"Gumpoldskirchner Spatzen","url":"https:\/\/www.gumpoldskirchnerspatzen.at\/","logo":{"@type":"ImageObject","inLanguage":"en-US","@id":"https:\/\/www.gumpoldskirchnerspatzen.at\/#\/schema\/logo\/image\/","url":"https:\/\/www.gumpoldskirchnerspatzen.at\/staging\/wp-content\/uploads\/logo.png","contentUrl":"https:\/\/www.gumpoldskirchnerspatzen.at\/staging\/wp-content\/uploads\/logo.png","width":781,"height":167,"caption":"Gumpoldskirchner Spatzen"},"image":{"@id":"https:\/\/www.gumpoldskirchnerspatzen.at\/#\/schema\/logo\/image\/"},"sameAs":["https:\/\/www.facebook.com\/GumpoldskirchnerSpatzen","https:\/\/www.youtube.com\/user\/GumpSpatzen","https:\/\/www.instagram.com\/gumpoldskirchnerspatzen\/"]}]}},"_links":{"self":[{"href":"https:\/\/www.gumpoldskirchnerspatzen.at\/en\/wp-json\/wp\/v2\/pages\/18","targetHints":{"allow":["GET"]}}],"collection":[{"href":"https:\/\/www.gumpoldskirchnerspatzen.at\/en\/wp-json\/wp\/v2\/pages"}],"about":[{"href":"https:\/\/www.gumpoldskirchnerspatzen.at\/en\/wp-json\/wp\/v2\/types\/page"}],"author":[{"embeddable":true,"href":"https:\/\/www.gumpoldskirchnerspatzen.at\/en\/wp-json\/wp\/v2\/users\/1"}],"replies":[{"embeddable":true,"href":"https:\/\/www.gumpoldskirchnerspatzen.at\/en\/wp-json\/wp\/v2\/comments?post=18"}],"version-history":[{"count":28,"href":"https:\/\/www.gumpoldskirchnerspatzen.at\/en\/wp-json\/wp\/v2\/pages\/18\/revisions"}],"predecessor-version":[{"id":6080,"href":"https:\/\/www.gumpoldskirchnerspatzen.at\/en\/wp-json\/wp\/v2\/pages\/18\/revisions\/6080"}],"wp:attachment":[{"href":"https:\/\/www.gumpoldskirchnerspatzen.at\/en\/wp-json\/wp\/v2\/media?parent=18"}],"curies":[{"name":"wp","href":"https:\/\/api.w.org\/{rel}","templated":true}]}}