{"id":16,"date":"2024-03-25T16:54:51","date_gmt":"2024-03-25T16:54:51","guid":{"rendered":"http:\/\/localhost:3000\/?page_id=16"},"modified":"2025-10-13T09:42:47","modified_gmt":"2025-10-13T09:42:47","slug":"stimmbildung","status":"publish","type":"page","link":"https:\/\/www.gumpoldskirchnerspatzen.at\/en\/stimmbildung\/","title":{"rendered":"Vocal Training"},"content":{"rendered":"<style>\n  .c-lazyblock-hero-section-14seNk {\n    --section-min-height: 22rem;\n    --section-background-image: url(\"https:\/\/www.gumpoldskirchnerspatzen.at\/wp-content\/uploads\/stimmbildung.jpg\");\n    --section-background-image-position-x: center;\n    --section-background-image-position-y: center;\n    --section-background-image-opacity: 0.73;\n    --section-background-overlay-opacity: 0.65;\n  }\n<\/style>\n\n<section class=\"c-lazyblock-hero-section-14seNk\">\n  <div class=\"v-section v-section--hero\">\n    <div class=\"l-cl l-cl--full\">\n      <div class=\"l-hero-inner\">\n        <div class=\"l-page-header-text\">\n          <div class=\"l-hero-content\">\n                      <h1 class=\"v-page-title\">Vocal Training<\/h1>\n                                        <\/div>\n        <\/div>\n      <\/div>\n    <\/div>\n  <\/div>\n  <div class=\"l-section-background\">\n    <div class=\"v-section-background\"><\/div>\n  <\/div>\n<\/section>\n\n\n<section class=\"lazyblock-content-section-2qzdxk\">\n  <div class=\"v-section\">\n    <div class=\"l-cl l-cl--medium\">\n      <div class=\"lazyblock-inner-blocks\">\n<div class=\"l-columns\">\n  <div class=\"lazyblock-inner-blocks\">\n\n<p>In the Gumpoldskirchner Spatzen choir, every child has the opportunity to learn their own voices. During these lessons, each child is trained individually and their personal needs are addressed. While the joint rehearsals offer a valuable opportunity to work on singing technique and strengthen the ensemble feeling, the individual feedback allows the children to work specifically on their own vocal challenges.<\/p>\n\n\n\n<p>Unsere erfahrenen Stimmbildnerinnen, Nina Edelmann und Sarah Molnar, spielen dabei eine ma\u00dfgebliche Rolle. Sie verstehen es, sich auf die Bed\u00fcrfnisse jedes einzelnen Kindes einzustellen und sie altersgerecht anzuleiten. Durch diese pers\u00f6nliche Betreuung lernen die Kinder, ihre Stimme als Instrument zu begreifen und richtig zu nutzen, um sie gesund zu erhalten. Dies ist besonders wichtig, da sich stimmliche F\u00e4higkeiten im Kindesalter entwickeln und eine gute Grundlage f\u00fcr die Zukunft legen.<\/p>\n\n\n\n<p>Individual voice training not only contributes to the musical quality of the choir, but also to the personal development and well-being of the children. It enables them to develop their full vocal potential and gain self-confidence in using their voice.<\/p>\n\n<\/div>\n<\/div>\n\n<\/div>\n          <\/div>\n  <\/div>\n<\/section>\n\n\n<section class=\"lazyblock-content-section-Z1Ma7Ir\">\n  <div class=\"v-section v-section--no-top-padding v-section--no-bottom-padding v-section--padding-small\">\n    <div class=\"l-cl l-cl--medium\">\n      <div class=\"lazyblock-inner-blocks\">\n\n<h2 class=\"wp-block-heading\">Unsere Stimmbildner*innen<\/h2>\n\n\n\n<p><\/p>\n\n<\/div>\n          <\/div>\n  <\/div>\n<\/section>\n\n\n<section class=\"lazyblock-content-section-ZbvNXH\">\n  <div class=\"v-section v-section--no-top-padding\">\n    <div class=\"l-cl l-cl--medium\">\n      <div class=\"lazyblock-inner-blocks\">\n\n<style>\n  .c-lazyblock-floating-image-Z1hwgBm {\n    --image-float: left;\n    --image-padding: 0 1.75rem 0.5rem 0;\n    --image-width: 30%; ?>\n  }\n<\/style>\n\n<div class=\"c-floating-image c-lazyblock-floating-image-Z1hwgBm\">\n      <img loading=\"lazy\" decoding=\"async\"\n      class=\"v-floating-image\"\n      src=\"https:\/\/www.gumpoldskirchnerspatzen.at\/wp-content\/uploads\/Nina-Edelmann-Website-872x1200.png\"\n      width=\"872\"\n      height=\"1200\"\n      alt=\"\"\n    \/>\n  <\/div>\n\n\n<h2 class=\"wp-block-heading\">Nina Edelmann<\/h2>\n\n\n\n<p>Die Vorarlberger S\u00e4ngerin studierte am Konservatorium Wien und Bruckner Konservatorium Linz, wo sie mit Auszeichnung das Studium beendete. Sie arbeitete mit Kurt Widmer, Herwig Reiter und Prof. Claudia Visca. Die freischaffende S\u00e4ngerin trat in \u00d6sterreich, Deutschland, Italien, Schweiz, Tschechien, Israel und in Cairo auf. Sie sang in zahlreichen Opern- und Operettenproduktionen (\u201eI Capuleti e i Montecchi\u201c, \u201eIl Barbiere di Siviglia\u201c, \u201eDie Zauberfl\u00f6te\u201c, \u201eDie Fledermaus\u201c, \u201eAriodante\u201c, \u201eRinaldo\u201c u.v.m.) auf und konnte sich ebenso im Bereich der Zeitgen\u00f6ssischen Musik einen Namen machen, vor allem mit Zoon Theater Wien, Sirene Operntheater Wien, bei Konzerten der \u00d6GZM Wien, mit dem Ensemble Plus, dem Ensemble TRIS, und bei den Gmundner Festwochen.<\/p>\n\n\n\n<p><br>Ein weiterer Schwerpunkt ihrer k\u00fcnstlerischen T\u00e4tigkeit ist das Lied (Korngold, Brahms, Schumann, Schubert u.v.m.), ebenso ist sie eine gefragte Konzerts\u00e4ngerin (Messias, Paulus, Requien, 9. Beethoven, Stabat Mater, etc.), so sang sie Konzerte unter der Leitung von Friedrich M\u00f6ller, Rani Calderon, Heinz Ferlesch, Thomas Koncz und Maestro Manfred Honeck.<\/p>\n\n<\/div>\n          <\/div>\n  <\/div>\n<\/section>\n\n\n<section class=\"lazyblock-content-section-ZjQChA\">\n  <div class=\"v-section v-section--background-light\">\n    <div class=\"l-cl l-cl--medium\">\n      <div class=\"lazyblock-inner-blocks\">\n\n<style>\n  .c-lazyblock-floating-image-ZXX2VX {\n    --image-float: right;\n    --image-padding: 0 0 0.5rem 1.75rem;\n    --image-width: 30%; ?>\n  }\n<\/style>\n\n<div class=\"c-floating-image c-lazyblock-floating-image-ZXX2VX\">\n      <img loading=\"lazy\" decoding=\"async\"\n      class=\"v-floating-image\"\n      src=\"https:\/\/www.gumpoldskirchnerspatzen.at\/wp-content\/uploads\/a1a5b0af-e38a-4f68-abef-c7e151c47f94-2-800x1200.jpeg\"\n      width=\"800\"\n      height=\"1200\"\n      alt=\"\"\n    \/>\n  <\/div>\n\n\n<h2 class=\"wp-block-heading has-text-align-right\">Marika Rainer<\/h2>\n\n\n\n<p>In S\u00fcdtirol aufgewachsen, studierte Marika Rainer an der MDW Wien, an der Universit\u00e4t Mozarteum Salzburg sowie am Konservatorium Joseph Haydn in Eisenstadt. Sowohl ihre k\u00fcnstlerische als auch ihre p\u00e4dagogische Ausbildung konnte sie mit Auszeichnung abschlie\u00dfen. Seitdem steht sie als Solistin und Chors\u00e4ngerin (Arnold Sch\u00f6nberg Chor, Philharmonia Chor) auf kleinen und gro\u00dfen, mitunter internationalen Opern- und Konzertb\u00fchnen. Zu ihren liebsten Rollen z\u00e4hlen bisher Despina in Cos\u00ec fan tutte, Gretel in H\u00e4nsel &amp; Gretel, Zerlina in Don Giovanni.<\/p>\n\n\n\n<p>Ihre Leidenschaft geh\u00f6rt unkonventionellen Musiktheaterproduktionen \u2013 eine Fledermaus als Poolparty zum Beispiel. Abseits der Oper ist sie in Kammermusikensembles sowie in innovativen Formaten als Schauspielerin und Performerin zu erleben. Derzeitige Projekte sind das Mira Lobe \/\/ Live-H\u00f6rspiel mit dem Jazzpianisten Dieter Stemmer, Stabat Mater.getanzt mit ihrem Kollektiv 3K sowie die D\u00fcntzer Rhapsodie, ein interdisziplin\u00e4res Theaterst\u00fcck des Flirty Horse Collective, f\u00fcr das sie im Theater Drachengasse mit dem Publikumspreis ausgezeichnet wurden. Marika unterrichtet auch an der Musikschule Wilhelmsburg und in Workshops des S\u00fcdtiroler Chorverbandes. 2021\/22 war sie Stimmbildnerin im Jugendprojekt im Theater an der Wien.<\/p>\n\n\n\n<p class=\"has-text-align-right\">(c) Helena Wimmer<\/p>\n\n<\/div>\n          <\/div>\n  <\/div>\n<\/section>","protected":false},"excerpt":{"rendered":"","protected":false},"author":1,"featured_media":0,"parent":0,"menu_order":0,"comment_status":"closed","ping_status":"closed","template":"","meta":{"footnotes":""},"class_list":["post-16","page","type-page","status-publish","hentry"],"yoast_head":"<!-- This site is optimized with the Yoast SEO plugin v26.0 - https:\/\/yoast.com\/wordpress\/plugins\/seo\/ -->\n<title>Stimmbildung - Gumpoldskirchner Spatzen<\/title>\n<meta name=\"description\" content=\"Stimmbildung f\u00fcr Kinder: Die Gumpoldskirchner Spatzen bieten Stimmbildung mit individueller Betreuung und gezielter F\u00f6rderung.\" \/>\n<meta name=\"robots\" content=\"index, follow, max-snippet:-1, max-image-preview:large, max-video-preview:-1\" \/>\n<link rel=\"canonical\" href=\"https:\/\/www.gumpoldskirchnerspatzen.at\/en\/stimmbildung\/\" \/>\n<meta property=\"og:locale\" content=\"en_US\" \/>\n<meta property=\"og:type\" content=\"article\" \/>\n<meta property=\"og:title\" content=\"Stimmbildung - Gumpoldskirchner Spatzen\" \/>\n<meta property=\"og:description\" content=\"Stimmbildung f\u00fcr Kinder: Die Gumpoldskirchner Spatzen bieten Stimmbildung mit individueller Betreuung und gezielter F\u00f6rderung.\" \/>\n<meta property=\"og:url\" content=\"https:\/\/www.gumpoldskirchnerspatzen.at\/en\/stimmbildung\/\" \/>\n<meta property=\"og:site_name\" content=\"Gumpoldskirchner Spatzen\" \/>\n<meta property=\"article:publisher\" content=\"https:\/\/www.facebook.com\/GumpoldskirchnerSpatzen\" \/>\n<meta property=\"article:modified_time\" content=\"2025-10-13T09:42:47+00:00\" \/>\n<meta property=\"og:image\" content=\"https:\/\/www.gumpoldskirchnerspatzen.at\/wp-content\/uploads\/SpatzenWeinberg_\u220fYvonneKiss.jpg\" \/>\n\t<meta property=\"og:image:width\" content=\"1000\" \/>\n\t<meta property=\"og:image:height\" content=\"667\" \/>\n\t<meta property=\"og:image:type\" content=\"image\/jpeg\" \/>\n<meta name=\"twitter:card\" content=\"summary_large_image\" \/>\n<meta name=\"twitter:label1\" content=\"Est. reading time\" \/>\n\t<meta name=\"twitter:data1\" content=\"3 minutes\" \/>\n<script type=\"application\/ld+json\" class=\"yoast-schema-graph\">{\"@context\":\"https:\/\/schema.org\",\"@graph\":[{\"@type\":\"WebPage\",\"@id\":\"https:\/\/www.gumpoldskirchnerspatzen.at\/stimmbildung\/\",\"url\":\"https:\/\/www.gumpoldskirchnerspatzen.at\/stimmbildung\/\",\"name\":\"Stimmbildung - Gumpoldskirchner Spatzen\",\"isPartOf\":{\"@id\":\"https:\/\/www.gumpoldskirchnerspatzen.at\/#website\"},\"datePublished\":\"2024-03-25T16:54:51+00:00\",\"dateModified\":\"2025-10-13T09:42:47+00:00\",\"description\":\"Stimmbildung f\u00fcr Kinder: Die Gumpoldskirchner Spatzen bieten Stimmbildung mit individueller Betreuung und gezielter F\u00f6rderung.\",\"breadcrumb\":{\"@id\":\"https:\/\/www.gumpoldskirchnerspatzen.at\/stimmbildung\/#breadcrumb\"},\"inLanguage\":\"en-US\",\"potentialAction\":[{\"@type\":\"ReadAction\",\"target\":[\"https:\/\/www.gumpoldskirchnerspatzen.at\/stimmbildung\/\"]}]},{\"@type\":\"BreadcrumbList\",\"@id\":\"https:\/\/www.gumpoldskirchnerspatzen.at\/stimmbildung\/#breadcrumb\",\"itemListElement\":[{\"@type\":\"ListItem\",\"position\":1,\"name\":\"Home\",\"item\":\"https:\/\/www.gumpoldskirchnerspatzen.at\/\"},{\"@type\":\"ListItem\",\"position\":2,\"name\":\"Stimmbildung\"}]},{\"@type\":\"WebSite\",\"@id\":\"https:\/\/www.gumpoldskirchnerspatzen.at\/#website\",\"url\":\"https:\/\/www.gumpoldskirchnerspatzen.at\/\",\"name\":\"Gumpoldskirchner Spatzen\",\"description\":\"\",\"publisher\":{\"@id\":\"https:\/\/www.gumpoldskirchnerspatzen.at\/#organization\"},\"potentialAction\":[{\"@type\":\"SearchAction\",\"target\":{\"@type\":\"EntryPoint\",\"urlTemplate\":\"https:\/\/www.gumpoldskirchnerspatzen.at\/?s={search_term_string}\"},\"query-input\":{\"@type\":\"PropertyValueSpecification\",\"valueRequired\":true,\"valueName\":\"search_term_string\"}}],\"inLanguage\":\"en-US\"},{\"@type\":\"Organization\",\"@id\":\"https:\/\/www.gumpoldskirchnerspatzen.at\/#organization\",\"name\":\"Gumpoldskirchner Spatzen\",\"url\":\"https:\/\/www.gumpoldskirchnerspatzen.at\/\",\"logo\":{\"@type\":\"ImageObject\",\"inLanguage\":\"en-US\",\"@id\":\"https:\/\/www.gumpoldskirchnerspatzen.at\/#\/schema\/logo\/image\/\",\"url\":\"https:\/\/www.gumpoldskirchnerspatzen.at\/staging\/wp-content\/uploads\/logo.png\",\"contentUrl\":\"https:\/\/www.gumpoldskirchnerspatzen.at\/staging\/wp-content\/uploads\/logo.png\",\"width\":781,\"height\":167,\"caption\":\"Gumpoldskirchner Spatzen\"},\"image\":{\"@id\":\"https:\/\/www.gumpoldskirchnerspatzen.at\/#\/schema\/logo\/image\/\"},\"sameAs\":[\"https:\/\/www.facebook.com\/GumpoldskirchnerSpatzen\",\"https:\/\/www.youtube.com\/user\/GumpSpatzen\",\"https:\/\/www.instagram.com\/gumpoldskirchnerspatzen\/\"]}]}<\/script>\n<!-- \/ Yoast SEO plugin. -->","yoast_head_json":{"title":"Stimmbildung - Gumpoldskirchner Spatzen","description":"Stimmbildung f\u00fcr Kinder: Die Gumpoldskirchner Spatzen bieten Stimmbildung mit individueller Betreuung und gezielter F\u00f6rderung.","robots":{"index":"index","follow":"follow","max-snippet":"max-snippet:-1","max-image-preview":"max-image-preview:large","max-video-preview":"max-video-preview:-1"},"canonical":"https:\/\/www.gumpoldskirchnerspatzen.at\/en\/stimmbildung\/","og_locale":"en_US","og_type":"article","og_title":"Stimmbildung - Gumpoldskirchner Spatzen","og_description":"Stimmbildung f\u00fcr Kinder: Die Gumpoldskirchner Spatzen bieten Stimmbildung mit individueller Betreuung und gezielter F\u00f6rderung.","og_url":"https:\/\/www.gumpoldskirchnerspatzen.at\/en\/stimmbildung\/","og_site_name":"Gumpoldskirchner Spatzen","article_publisher":"https:\/\/www.facebook.com\/GumpoldskirchnerSpatzen","article_modified_time":"2025-10-13T09:42:47+00:00","og_image":[{"width":1000,"height":667,"url":"https:\/\/www.gumpoldskirchnerspatzen.at\/wp-content\/uploads\/SpatzenWeinberg_\u220fYvonneKiss.jpg","type":"image\/jpeg"}],"twitter_card":"summary_large_image","twitter_misc":{"Est. reading time":"3 minutes"},"schema":{"@context":"https:\/\/schema.org","@graph":[{"@type":"WebPage","@id":"https:\/\/www.gumpoldskirchnerspatzen.at\/stimmbildung\/","url":"https:\/\/www.gumpoldskirchnerspatzen.at\/stimmbildung\/","name":"Stimmbildung - Gumpoldskirchner Spatzen","isPartOf":{"@id":"https:\/\/www.gumpoldskirchnerspatzen.at\/#website"},"datePublished":"2024-03-25T16:54:51+00:00","dateModified":"2025-10-13T09:42:47+00:00","description":"Stimmbildung f\u00fcr Kinder: Die Gumpoldskirchner Spatzen bieten Stimmbildung mit individueller Betreuung und gezielter F\u00f6rderung.","breadcrumb":{"@id":"https:\/\/www.gumpoldskirchnerspatzen.at\/stimmbildung\/#breadcrumb"},"inLanguage":"en-US","potentialAction":[{"@type":"ReadAction","target":["https:\/\/www.gumpoldskirchnerspatzen.at\/stimmbildung\/"]}]},{"@type":"BreadcrumbList","@id":"https:\/\/www.gumpoldskirchnerspatzen.at\/stimmbildung\/#breadcrumb","itemListElement":[{"@type":"ListItem","position":1,"name":"Home","item":"https:\/\/www.gumpoldskirchnerspatzen.at\/"},{"@type":"ListItem","position":2,"name":"Stimmbildung"}]},{"@type":"WebSite","@id":"https:\/\/www.gumpoldskirchnerspatzen.at\/#website","url":"https:\/\/www.gumpoldskirchnerspatzen.at\/","name":"Gumpoldskirchner Spatzen","description":"","publisher":{"@id":"https:\/\/www.gumpoldskirchnerspatzen.at\/#organization"},"potentialAction":[{"@type":"SearchAction","target":{"@type":"EntryPoint","urlTemplate":"https:\/\/www.gumpoldskirchnerspatzen.at\/?s={search_term_string}"},"query-input":{"@type":"PropertyValueSpecification","valueRequired":true,"valueName":"search_term_string"}}],"inLanguage":"en-US"},{"@type":"Organization","@id":"https:\/\/www.gumpoldskirchnerspatzen.at\/#organization","name":"Gumpoldskirchner Spatzen","url":"https:\/\/www.gumpoldskirchnerspatzen.at\/","logo":{"@type":"ImageObject","inLanguage":"en-US","@id":"https:\/\/www.gumpoldskirchnerspatzen.at\/#\/schema\/logo\/image\/","url":"https:\/\/www.gumpoldskirchnerspatzen.at\/staging\/wp-content\/uploads\/logo.png","contentUrl":"https:\/\/www.gumpoldskirchnerspatzen.at\/staging\/wp-content\/uploads\/logo.png","width":781,"height":167,"caption":"Gumpoldskirchner Spatzen"},"image":{"@id":"https:\/\/www.gumpoldskirchnerspatzen.at\/#\/schema\/logo\/image\/"},"sameAs":["https:\/\/www.facebook.com\/GumpoldskirchnerSpatzen","https:\/\/www.youtube.com\/user\/GumpSpatzen","https:\/\/www.instagram.com\/gumpoldskirchnerspatzen\/"]}]}},"_links":{"self":[{"href":"https:\/\/www.gumpoldskirchnerspatzen.at\/en\/wp-json\/wp\/v2\/pages\/16","targetHints":{"allow":["GET"]}}],"collection":[{"href":"https:\/\/www.gumpoldskirchnerspatzen.at\/en\/wp-json\/wp\/v2\/pages"}],"about":[{"href":"https:\/\/www.gumpoldskirchnerspatzen.at\/en\/wp-json\/wp\/v2\/types\/page"}],"author":[{"embeddable":true,"href":"https:\/\/www.gumpoldskirchnerspatzen.at\/en\/wp-json\/wp\/v2\/users\/1"}],"replies":[{"embeddable":true,"href":"https:\/\/www.gumpoldskirchnerspatzen.at\/en\/wp-json\/wp\/v2\/comments?post=16"}],"version-history":[{"count":51,"href":"https:\/\/www.gumpoldskirchnerspatzen.at\/en\/wp-json\/wp\/v2\/pages\/16\/revisions"}],"predecessor-version":[{"id":6228,"href":"https:\/\/www.gumpoldskirchnerspatzen.at\/en\/wp-json\/wp\/v2\/pages\/16\/revisions\/6228"}],"wp:attachment":[{"href":"https:\/\/www.gumpoldskirchnerspatzen.at\/en\/wp-json\/wp\/v2\/media?parent=16"}],"curies":[{"name":"wp","href":"https:\/\/api.w.org\/{rel}","templated":true}]}}