{"id":14,"date":"2024-03-25T16:54:35","date_gmt":"2024-03-25T16:54:35","guid":{"rendered":"http:\/\/localhost:3000\/?page_id=14"},"modified":"2025-03-21T11:25:29","modified_gmt":"2025-03-21T11:25:29","slug":"geschichte","status":"publish","type":"page","link":"https:\/\/www.gumpoldskirchnerspatzen.at\/en\/geschichte\/","title":{"rendered":"History"},"content":{"rendered":"<style>\n  .c-lazyblock-hero-section-GTVxO {\n    --section-min-height: 22rem;\n    --section-background-image: url(\"https:\/\/www.gumpoldskirchnerspatzen.at\/wp-content\/uploads\/geschichte-1-2000x1019.jpg\");\n    --section-background-image-position-x: center;\n    --section-background-image-position-y: center;\n    --section-background-image-opacity: 0.85;\n    --section-background-overlay-opacity: 0.5;\n  }\n<\/style>\n\n<section class=\"c-lazyblock-hero-section-GTVxO\">\n  <div class=\"v-section v-section--hero\">\n    <div class=\"l-cl l-cl--full\">\n      <div class=\"l-hero-inner\">\n        <div class=\"l-page-header-text\">\n          <div class=\"l-hero-content\">\n                      <h1 class=\"v-page-title\">Our History<\/h1>\n                                        <\/div>\n        <\/div>\n      <\/div>\n    <\/div>\n  <\/div>\n  <div class=\"l-section-background\">\n    <div class=\"v-section-background\"><\/div>\n  <\/div>\n<\/section>\n\n\n<section class=\"lazyblock-content-section-1DdnuA\">\n  <div class=\"v-section\">\n    <div class=\"l-cl l-cl--medium\">\n      <div class=\"lazyblock-inner-blocks\">\n\n<style>\n  .c-lazyblock-floating-image-Z2erzK2 {\n    --image-float: left;\n    --image-padding: 0 1.75rem 0.5rem 0;\n    --image-width: 50%; ?>\n  }\n<\/style>\n\n<div class=\"c-floating-image c-lazyblock-floating-image-Z2erzK2\">\n      <img loading=\"lazy\" decoding=\"async\"\n      class=\"v-floating-image\"\n      src=\"https:\/\/www.gumpoldskirchnerspatzen.at\/wp-content\/uploads\/josef-ziegler-1200x788.jpg\"\n      width=\"1200\"\n      height=\"788\"\n      alt=\"\"\n    \/>\n  <\/div>\n\n\n<p>1949 wurde das weit \u00fcber die Grenzen \u00d6sterreichs bekannte Kinderchorensemble von dem Chorp\u00e4dagogen Prof. Josef Wolfgang Ziegler (1906-2000) in dem nieder\u00f6sterreichischen Weinort Gumpoldskirchen gegr\u00fcndet, dessen Credo, jedes Kind k\u00f6nne singen, manch junges Talent zu internationalem Ruhm f\u00fchrte.<\/p>\n\n\n\n<p><\/p>\n\n<\/div>\n          <\/div>\n  <\/div>\n<\/section>\n\n\n<section class=\"lazyblock-content-section-26Hg2L\">\n  <div class=\"v-section v-section--background-light\">\n    <div class=\"l-cl l-cl--medium\">\n      <div class=\"lazyblock-inner-blocks\">\n\n<style>\n  .c-lazyblock-floating-image-YYGpT {\n    --image-float: right;\n    --image-padding: 0 0 0.5rem 1.75rem;\n    --image-width: 50%; ?>\n  }\n<\/style>\n\n<div class=\"c-floating-image c-lazyblock-floating-image-YYGpT\">\n      <img loading=\"lazy\" decoding=\"async\"\n      class=\"v-floating-image\"\n      src=\"https:\/\/www.gumpoldskirchnerspatzen.at\/wp-content\/uploads\/elisabeth-ziegler-1200x719.jpg\"\n      width=\"1200\"\n      height=\"719\"\n      alt=\"\"\n    \/>\n  <\/div>\n\n\n<p>Ab 1969 \u00fcbernahm seine Tochter Prof. Elisabeth Ziegler die Leitung, stets auf Professionalit\u00e4t und gro\u00dfer Freude an der Musik bedacht. Bald sangen die jungen K\u00fcnstlerInnen regelm\u00e4\u00dfig an der Wiener Staatsoper und anderen Opernh\u00e4usern, was ihnen den Beinamen \u201cWiener Opernkinderchor\u201d eintrug. Internationale Auftritte umfassten Tourneen nach&nbsp;Japan, China, den&nbsp;USA, Kanada&nbsp;und in&nbsp;viele europ\u00e4ische Staaten, sowie Teilnahmen an Chorwettbewerben, die stets mit ersten Preisen belohnt wurden. Weitere Schwerpunkte waren Auftritte in Rundfunk und TV, sowie CD-Produktionen<\/p>\n\n\n\n<p><\/p>\n\n<\/div>\n          <\/div>\n  <\/div>\n<\/section>\n\n\n<section class=\"lazyblock-content-section-ZMaGvl\">\n  <div class=\"v-section\">\n    <div class=\"l-cl l-cl--medium\">\n      <div class=\"lazyblock-inner-blocks\">\n\n<style>\n  .c-lazyblock-floating-image-Z24K5XD {\n    --image-float: left;\n    --image-padding: 0 1.75rem 0.5rem 0;\n    --image-width: 50%; ?>\n  }\n<\/style>\n\n<div class=\"c-floating-image c-lazyblock-floating-image-Z24K5XD\">\n      <img loading=\"lazy\" decoding=\"async\"\n      class=\"v-floating-image\"\n      src=\"https:\/\/www.gumpoldskirchnerspatzen.at\/wp-content\/uploads\/christmas-in-vienna-1200x721.jpg\"\n      width=\"1200\"\n      height=\"721\"\n      alt=\"\"\n    \/>\n  <\/div>\n\n\n<p>In opera productions and concerts, the children's choir is allowed to work with renowned artists such as L. Bernstein, H. Stein, Sir G. Solti, C. Abbado, U. Schirmer, G. C. Menotti, J. P. Ponelle and F. Cefirelli.<\/p>\n\n\n\n<p>Die Weihnachtsshow \u201cChristmas in Vienna\u201d war ein j\u00e4hrlicher H\u00f6hepunkt f\u00fcr die \u201cGumpoldskirchner Spatzen\u201d. Placido Domingo, Jos\u00e9 Carreras, Luciano Pavarotti, Diana Ross, Charles Aznavour, Michael Bolton,&nbsp;Udo J\u00fcrgens, Rainhard Fendrich,&nbsp;Patricia Kaas und die Scorpions, um nur einige wenige zu nennen, zollten den kleinen KollegInnen ob deren Qualit\u00e4t, Professionalit\u00e4t und Nat\u00fcrlichkeit&nbsp;hohes Lob.<\/p>\n\n<\/div>\n          <\/div>\n  <\/div>\n<\/section>\n\n\n<section class=\"lazyblock-content-section-Z2jl4Kj\">\n  <div class=\"v-section v-section--background-light\">\n    <div class=\"l-cl l-cl--medium\">\n      <div class=\"lazyblock-inner-blocks\">\n\n<style>\n  .c-lazyblock-floating-image-Z1njFkc {\n    --image-float: right;\n    --image-padding: 0 0 0.5rem 1.75rem;\n    --image-width: 50%; ?>\n  }\n<\/style>\n\n<div class=\"c-floating-image c-lazyblock-floating-image-Z1njFkc\">\n      <img loading=\"lazy\" decoding=\"async\"\n      class=\"v-floating-image\"\n      src=\"https:\/\/www.gumpoldskirchnerspatzen.at\/wp-content\/uploads\/ferdinand-grossmann-1200x681.jpg\"\n      width=\"1200\"\n      height=\"681\"\n      alt=\"\"\n    \/>\n  <\/div>\n\n\n<p>1994&nbsp;wurde dem Chor und seiner Direktorin in Anerkennung ihrer Verdienste um die musikalische Jugenderziehung der \u201cFerdinand Grossman Preis\u201d verliehen und von&nbsp;Placido Domingo&nbsp;\u00fcberreicht.&nbsp;<\/p>\n\n\n\n<p>Zu den Highlights der letzten Jahre z\u00e4hlen unter anderem eine Produktion der Wiener Festwochen, die Teilnahme bei der ORF-Sendung &#8222;\u00d6sterreich singt wieder&#8220;, eine Konzertreise zum Grant Park Music Festival in Chicago, ein gro\u00dfes Jubil\u00e4umskonzert zum 75j\u00e4hrigen Bestehen der Spatzen, die Mitwirkung bei &#8222;La Boh\u00e8me&#8220; und &#8222;Tosca&#8220; an der B\u00fchne Baden sowie der\u00a0Familienoper \u201eDer herzlose Riese\u201c am Theater an der Wien.\u00a0<\/p>\n\n<\/div>\n          <\/div>\n  <\/div>\n<\/section>\n\n\n<section class=\"lazyblock-content-section-Z1uJsb1\">\n  <div class=\"v-section\">\n    <div class=\"l-cl l-cl--medium\">\n      <div class=\"lazyblock-inner-blocks\">\n\n<style>\n  .c-lazyblock-floating-image-2wWjqt {\n    --image-float: left;\n    --image-padding: 0 1.75rem 0.5rem 0;\n    --image-width: 50%; ?>\n  }\n<\/style>\n\n<div class=\"c-floating-image c-lazyblock-floating-image-2wWjqt\">\n      <img loading=\"lazy\" decoding=\"async\"\n      class=\"v-floating-image\"\n      src=\"https:\/\/www.gumpoldskirchnerspatzen.at\/wp-content\/uploads\/philosophie-1200x1144.jpg\"\n      width=\"1200\"\n      height=\"1144\"\n      alt=\"\"\n    \/>\n  <\/div>\n\n\n<p>Die Philosophie der Chorp\u00e4dagogin Elisabeth Ziegler lag immer darin, den Kindern trotz intensiver&nbsp;k\u00fcnstlerischer Arbeit die Spontaneit\u00e4t und Freude am Musizieren zu erhalten. Das ist keine leichte Aufgabe f\u00fcr die 10 \u2013 17 j\u00e4hrigen M\u00e4dchen und Buben, die aus vielen verschiedenen Orten zweimal in der Woche abends zum Proben kommen und regelm\u00e4\u00dfig Stimmbildung zur Vorbereitung auf eine m\u00f6gliche k\u00fcnstlerische Laufbahn erhalten. Der&nbsp;Literaturschwerpunkt&nbsp;des Kinderchores liegt im zeitgen\u00f6ssischen A-capella Repertoire. Der Programmbogen spannt sich allerdings vom Klassischen \u00fcber das Volkslied, dem Wienerischen bis hin zum Musical und U-Musik.<\/p>\n\n\n\n<p><\/p>\n\n\n\n<p><\/p>\n\n\n\n<p>Derzeit werden die Gumpoldskirchner Spatzen von Katja Kalmar geleitet, deren Anliegen es ist, das Repertoire und die musikalischen Traditionen der Spatzen zu pflegen und ihren Horizont auch mit innovativen Projekten zu erweitern. Wichtig f\u00fcr die erfolgreiche Chorarbeit ist ihr die Erarbeitung einer&nbsp;guten, individuellen Gesangstechnik, um die Stimme auf Dauer gesund zu halten, wobei im Vordergrund&nbsp;des gemeinsamen Schaffens stets die Freude an der Musik und die Begeisterung f\u00fcr&nbsp;das gemeinsame Singen steht.&nbsp;<\/p>\n\n<\/div>\n          <\/div>\n  <\/div>\n<\/section>","protected":false},"excerpt":{"rendered":"","protected":false},"author":1,"featured_media":0,"parent":0,"menu_order":0,"comment_status":"closed","ping_status":"closed","template":"","meta":{"footnotes":""},"class_list":["post-14","page","type-page","status-publish","hentry"],"yoast_head":"<!-- This site is optimized with the Yoast SEO plugin v26.0 - https:\/\/yoast.com\/wordpress\/plugins\/seo\/ -->\n<title>Geschichte - Gumpoldskirchner Spatzen<\/title>\n<meta name=\"description\" content=\"Seit 1949 begeistern die Gumpoldskirchner Spatzen weltweit. Erfahren Sie mehr \u00fcber beeindruckende Geschichte des Chors.\" \/>\n<meta name=\"robots\" content=\"index, follow, max-snippet:-1, max-image-preview:large, max-video-preview:-1\" \/>\n<link rel=\"canonical\" href=\"https:\/\/www.gumpoldskirchnerspatzen.at\/en\/geschichte\/\" \/>\n<meta property=\"og:locale\" content=\"en_US\" \/>\n<meta property=\"og:type\" content=\"article\" \/>\n<meta property=\"og:title\" content=\"Geschichte - Gumpoldskirchner Spatzen\" \/>\n<meta property=\"og:description\" content=\"Seit 1949 begeistern die Gumpoldskirchner Spatzen weltweit. Erfahren Sie mehr \u00fcber beeindruckende Geschichte des Chors.\" \/>\n<meta property=\"og:url\" content=\"https:\/\/www.gumpoldskirchnerspatzen.at\/en\/geschichte\/\" \/>\n<meta property=\"og:site_name\" content=\"Gumpoldskirchner Spatzen\" \/>\n<meta property=\"article:publisher\" content=\"https:\/\/www.facebook.com\/GumpoldskirchnerSpatzen\" \/>\n<meta property=\"article:modified_time\" content=\"2025-03-21T11:25:29+00:00\" \/>\n<meta property=\"og:image\" content=\"https:\/\/www.gumpoldskirchnerspatzen.at\/wp-content\/uploads\/SpatzenWeinberg_\u220fYvonneKiss.jpg\" \/>\n\t<meta property=\"og:image:width\" content=\"1000\" \/>\n\t<meta property=\"og:image:height\" content=\"667\" \/>\n\t<meta property=\"og:image:type\" content=\"image\/jpeg\" \/>\n<meta name=\"twitter:card\" content=\"summary_large_image\" \/>\n<meta name=\"twitter:label1\" content=\"Est. reading time\" \/>\n\t<meta name=\"twitter:data1\" content=\"2 minutes\" \/>\n<script type=\"application\/ld+json\" class=\"yoast-schema-graph\">{\"@context\":\"https:\/\/schema.org\",\"@graph\":[{\"@type\":\"WebPage\",\"@id\":\"https:\/\/www.gumpoldskirchnerspatzen.at\/geschichte\/\",\"url\":\"https:\/\/www.gumpoldskirchnerspatzen.at\/geschichte\/\",\"name\":\"Geschichte - Gumpoldskirchner Spatzen\",\"isPartOf\":{\"@id\":\"https:\/\/www.gumpoldskirchnerspatzen.at\/#website\"},\"datePublished\":\"2024-03-25T16:54:35+00:00\",\"dateModified\":\"2025-03-21T11:25:29+00:00\",\"description\":\"Seit 1949 begeistern die Gumpoldskirchner Spatzen weltweit. Erfahren Sie mehr \u00fcber beeindruckende Geschichte des Chors.\",\"breadcrumb\":{\"@id\":\"https:\/\/www.gumpoldskirchnerspatzen.at\/geschichte\/#breadcrumb\"},\"inLanguage\":\"en-US\",\"potentialAction\":[{\"@type\":\"ReadAction\",\"target\":[\"https:\/\/www.gumpoldskirchnerspatzen.at\/geschichte\/\"]}]},{\"@type\":\"BreadcrumbList\",\"@id\":\"https:\/\/www.gumpoldskirchnerspatzen.at\/geschichte\/#breadcrumb\",\"itemListElement\":[{\"@type\":\"ListItem\",\"position\":1,\"name\":\"Home\",\"item\":\"https:\/\/www.gumpoldskirchnerspatzen.at\/\"},{\"@type\":\"ListItem\",\"position\":2,\"name\":\"Geschichte\"}]},{\"@type\":\"WebSite\",\"@id\":\"https:\/\/www.gumpoldskirchnerspatzen.at\/#website\",\"url\":\"https:\/\/www.gumpoldskirchnerspatzen.at\/\",\"name\":\"Gumpoldskirchner Spatzen\",\"description\":\"\",\"publisher\":{\"@id\":\"https:\/\/www.gumpoldskirchnerspatzen.at\/#organization\"},\"potentialAction\":[{\"@type\":\"SearchAction\",\"target\":{\"@type\":\"EntryPoint\",\"urlTemplate\":\"https:\/\/www.gumpoldskirchnerspatzen.at\/?s={search_term_string}\"},\"query-input\":{\"@type\":\"PropertyValueSpecification\",\"valueRequired\":true,\"valueName\":\"search_term_string\"}}],\"inLanguage\":\"en-US\"},{\"@type\":\"Organization\",\"@id\":\"https:\/\/www.gumpoldskirchnerspatzen.at\/#organization\",\"name\":\"Gumpoldskirchner Spatzen\",\"url\":\"https:\/\/www.gumpoldskirchnerspatzen.at\/\",\"logo\":{\"@type\":\"ImageObject\",\"inLanguage\":\"en-US\",\"@id\":\"https:\/\/www.gumpoldskirchnerspatzen.at\/#\/schema\/logo\/image\/\",\"url\":\"https:\/\/www.gumpoldskirchnerspatzen.at\/staging\/wp-content\/uploads\/logo.png\",\"contentUrl\":\"https:\/\/www.gumpoldskirchnerspatzen.at\/staging\/wp-content\/uploads\/logo.png\",\"width\":781,\"height\":167,\"caption\":\"Gumpoldskirchner Spatzen\"},\"image\":{\"@id\":\"https:\/\/www.gumpoldskirchnerspatzen.at\/#\/schema\/logo\/image\/\"},\"sameAs\":[\"https:\/\/www.facebook.com\/GumpoldskirchnerSpatzen\",\"https:\/\/www.youtube.com\/user\/GumpSpatzen\",\"https:\/\/www.instagram.com\/gumpoldskirchnerspatzen\/\"]}]}<\/script>\n<!-- \/ Yoast SEO plugin. -->","yoast_head_json":{"title":"Geschichte - Gumpoldskirchner Spatzen","description":"Seit 1949 begeistern die Gumpoldskirchner Spatzen weltweit. Erfahren Sie mehr \u00fcber beeindruckende Geschichte des Chors.","robots":{"index":"index","follow":"follow","max-snippet":"max-snippet:-1","max-image-preview":"max-image-preview:large","max-video-preview":"max-video-preview:-1"},"canonical":"https:\/\/www.gumpoldskirchnerspatzen.at\/en\/geschichte\/","og_locale":"en_US","og_type":"article","og_title":"Geschichte - Gumpoldskirchner Spatzen","og_description":"Seit 1949 begeistern die Gumpoldskirchner Spatzen weltweit. Erfahren Sie mehr \u00fcber beeindruckende Geschichte des Chors.","og_url":"https:\/\/www.gumpoldskirchnerspatzen.at\/en\/geschichte\/","og_site_name":"Gumpoldskirchner Spatzen","article_publisher":"https:\/\/www.facebook.com\/GumpoldskirchnerSpatzen","article_modified_time":"2025-03-21T11:25:29+00:00","og_image":[{"width":1000,"height":667,"url":"https:\/\/www.gumpoldskirchnerspatzen.at\/wp-content\/uploads\/SpatzenWeinberg_\u220fYvonneKiss.jpg","type":"image\/jpeg"}],"twitter_card":"summary_large_image","twitter_misc":{"Est. reading time":"2 minutes"},"schema":{"@context":"https:\/\/schema.org","@graph":[{"@type":"WebPage","@id":"https:\/\/www.gumpoldskirchnerspatzen.at\/geschichte\/","url":"https:\/\/www.gumpoldskirchnerspatzen.at\/geschichte\/","name":"Geschichte - Gumpoldskirchner Spatzen","isPartOf":{"@id":"https:\/\/www.gumpoldskirchnerspatzen.at\/#website"},"datePublished":"2024-03-25T16:54:35+00:00","dateModified":"2025-03-21T11:25:29+00:00","description":"Seit 1949 begeistern die Gumpoldskirchner Spatzen weltweit. Erfahren Sie mehr \u00fcber beeindruckende Geschichte des Chors.","breadcrumb":{"@id":"https:\/\/www.gumpoldskirchnerspatzen.at\/geschichte\/#breadcrumb"},"inLanguage":"en-US","potentialAction":[{"@type":"ReadAction","target":["https:\/\/www.gumpoldskirchnerspatzen.at\/geschichte\/"]}]},{"@type":"BreadcrumbList","@id":"https:\/\/www.gumpoldskirchnerspatzen.at\/geschichte\/#breadcrumb","itemListElement":[{"@type":"ListItem","position":1,"name":"Home","item":"https:\/\/www.gumpoldskirchnerspatzen.at\/"},{"@type":"ListItem","position":2,"name":"Geschichte"}]},{"@type":"WebSite","@id":"https:\/\/www.gumpoldskirchnerspatzen.at\/#website","url":"https:\/\/www.gumpoldskirchnerspatzen.at\/","name":"Gumpoldskirchner Spatzen","description":"","publisher":{"@id":"https:\/\/www.gumpoldskirchnerspatzen.at\/#organization"},"potentialAction":[{"@type":"SearchAction","target":{"@type":"EntryPoint","urlTemplate":"https:\/\/www.gumpoldskirchnerspatzen.at\/?s={search_term_string}"},"query-input":{"@type":"PropertyValueSpecification","valueRequired":true,"valueName":"search_term_string"}}],"inLanguage":"en-US"},{"@type":"Organization","@id":"https:\/\/www.gumpoldskirchnerspatzen.at\/#organization","name":"Gumpoldskirchner Spatzen","url":"https:\/\/www.gumpoldskirchnerspatzen.at\/","logo":{"@type":"ImageObject","inLanguage":"en-US","@id":"https:\/\/www.gumpoldskirchnerspatzen.at\/#\/schema\/logo\/image\/","url":"https:\/\/www.gumpoldskirchnerspatzen.at\/staging\/wp-content\/uploads\/logo.png","contentUrl":"https:\/\/www.gumpoldskirchnerspatzen.at\/staging\/wp-content\/uploads\/logo.png","width":781,"height":167,"caption":"Gumpoldskirchner Spatzen"},"image":{"@id":"https:\/\/www.gumpoldskirchnerspatzen.at\/#\/schema\/logo\/image\/"},"sameAs":["https:\/\/www.facebook.com\/GumpoldskirchnerSpatzen","https:\/\/www.youtube.com\/user\/GumpSpatzen","https:\/\/www.instagram.com\/gumpoldskirchnerspatzen\/"]}]}},"_links":{"self":[{"href":"https:\/\/www.gumpoldskirchnerspatzen.at\/en\/wp-json\/wp\/v2\/pages\/14","targetHints":{"allow":["GET"]}}],"collection":[{"href":"https:\/\/www.gumpoldskirchnerspatzen.at\/en\/wp-json\/wp\/v2\/pages"}],"about":[{"href":"https:\/\/www.gumpoldskirchnerspatzen.at\/en\/wp-json\/wp\/v2\/types\/page"}],"author":[{"embeddable":true,"href":"https:\/\/www.gumpoldskirchnerspatzen.at\/en\/wp-json\/wp\/v2\/users\/1"}],"replies":[{"embeddable":true,"href":"https:\/\/www.gumpoldskirchnerspatzen.at\/en\/wp-json\/wp\/v2\/comments?post=14"}],"version-history":[{"count":81,"href":"https:\/\/www.gumpoldskirchnerspatzen.at\/en\/wp-json\/wp\/v2\/pages\/14\/revisions"}],"predecessor-version":[{"id":6129,"href":"https:\/\/www.gumpoldskirchnerspatzen.at\/en\/wp-json\/wp\/v2\/pages\/14\/revisions\/6129"}],"wp:attachment":[{"href":"https:\/\/www.gumpoldskirchnerspatzen.at\/en\/wp-json\/wp\/v2\/media?parent=14"}],"curies":[{"name":"wp","href":"https:\/\/api.w.org\/{rel}","templated":true}]}}