{"id":12,"date":"2024-03-25T16:54:25","date_gmt":"2024-03-25T16:54:25","guid":{"rendered":"http:\/\/localhost:3000\/?page_id=12"},"modified":"2025-11-24T13:15:45","modified_gmt":"2025-11-24T13:15:45","slug":"kunstlerische-leitung","status":"publish","type":"page","link":"https:\/\/www.gumpoldskirchnerspatzen.at\/en\/kunstlerische-leitung\/","title":{"rendered":"Artistic Direction"},"content":{"rendered":"<style>\n  .c-lazyblock-hero-section-26M1bm {\n    --section-min-height: 22rem;\n    --section-background-image: url(\"https:\/\/www.gumpoldskirchnerspatzen.at\/wp-content\/uploads\/Konzert-4-scaled-e1739625307116-2000x834.jpg\");\n    --section-background-image-position-x: center;\n    --section-background-image-position-y: top;\n    --section-background-image-opacity: 0.75;\n    --section-background-overlay-opacity: 0.65;\n  }\n<\/style>\n\n<section class=\"c-lazyblock-hero-section-26M1bm\">\n  <div class=\"v-section v-section--hero\">\n    <div class=\"l-cl l-cl--full\">\n      <div class=\"l-hero-inner\">\n        <div class=\"l-page-header-text\">\n          <div class=\"l-hero-content\">\n                      <h1 class=\"v-page-title\">Artistic Direction<\/h1>\n                                        <\/div>\n        <\/div>\n      <\/div>\n    <\/div>\n  <\/div>\n  <div class=\"l-section-background\">\n    <div class=\"v-section-background\"><\/div>\n  <\/div>\n<\/section>\n\n\n<section class=\"lazyblock-content-section-ZbvNXH\">\n  <div class=\"v-section\">\n    <div class=\"l-cl l-cl--medium\">\n      <div class=\"lazyblock-inner-blocks\">\n\n<style>\n  .c-lazyblock-floating-image-Z1hwgBm {\n    --image-float: left;\n    --image-padding: 0 1.75rem 0.5rem 0;\n    --image-width: 28%; ?>\n  }\n<\/style>\n\n<div class=\"c-floating-image c-lazyblock-floating-image-Z1hwgBm\">\n      <img loading=\"lazy\" decoding=\"async\"\n      class=\"v-floating-image\"\n      src=\"https:\/\/www.gumpoldskirchnerspatzen.at\/wp-content\/uploads\/DSC05209-1-1-872x1200.jpg\"\n      width=\"872\"\n      height=\"1200\"\n      alt=\"\"\n    \/>\n  <\/div>\n\n\n<h2 class=\"wp-block-heading\">Katja Kalmar<\/h2>\n\n\n\n<h3 class=\"wp-block-heading\">Chorleiterin<\/h3>\n\n\n\n<p>Katja Kalmar wurde in Wien geboren und absolvierte ein Konzertfachstudium Gesang an der Joseph Haydn Privathochschule Eisenstadt sowie ein Masterstudium Gesangsp\u00e4dagogik mit Schwerpunkt Klavier an der Joseph Haydn Privathochschule Eisenstadt und an der Universit\u00e4t f\u00fcr Musik und darstellende Kunst Wien bei MMMag. Alexander Josef Mayr.<\/p>\n\n\n\n<p>Ihre gesangliche Weiterbildung erg\u00e4nzte sie durch Meisterkurse unter anderem bei KS Bernarda Fink, Claudia Visca, Walter Moore und Eduard Kutrowatz. Im Bereich Chorleitung sammelte sie wertvolle Impulse in einem Meisterkurs bei Johannes Prinz. 2024 schloss sie den Lehrgang <em>chor.leiten.bravura<\/em> der Chorszene Nieder\u00f6sterreich unter der Leitung von Prof. Erwin Ortner erfolgreich ab.<\/p>\n\n\n\n<p>Als S\u00e4ngerin war Katja Kalmar in mehreren Opernproduktionen zu erleben. Im Schloss Esterh\u00e1zy sowie im Kulturzentrum Eisenstadt verk\u00f6rperte sie die Susanna in <em>Le nozze di Figaro<\/em> und die Fiordiligi in <em>Cos\u00ec fan tutte<\/em> von Wolfgang Amadeus Mozart sowie die Vespetta in Telemanns Pimpinone. Liederabende f\u00fchrten sie unter anderem in das Haydnhaus Eisenstadt, wo sie bei einem Konzert anl\u00e4sslich der Restaurierung des Original-Hammerklaviers Joseph Haydns mitwirkte.<\/p>\n\n\n\n<p>Ihr Weg als Chorleiterin begann 2012 mit der Gr\u00fcndung des Chores <strong>d\u2019accord wien<\/strong>, dessen k\u00fcnstlerische Leitung sie seitdem innehat. 2022 wurde der Chor f\u00fcr ein Programm mit Werken ausschlie\u00dflich von Komponistinnen mit dem Preis f\u00fcr das \u201eChorprojekt des Jahres\u201c des Chorforum Wien ausgezeichnet. Zu den k\u00fcnstlerischen H\u00f6hepunkten in der Entwicklung des Chores z\u00e4hlten weiters die Mitwirkung bei Verdis <em>Requiem<\/em> im Musikverein (2019) und Bachs <em>h-Moll-Messe<\/em> im Wiener Konzerthaus (2022), sowie die erfolgreiche Teilnahme an diversen Chorwettbewerben.<\/p>\n\n\n\n<p>2022 wurde Katja Kalmar mit der Leitung des traditionsreichen Kinderchors <strong>Gumpoldskirchner Spatzen<\/strong> betraut. Unter ihrer Aufsicht konnte sich der Chor nach pandemiebedingter Pause neu formieren und an alte Erfolge ankn\u00fcpfen. H\u00f6hepunkte der letzten Jahre waren Auftritte bei den Wiener Festwochen (<em>Exodus<\/em>), an der B\u00fchne Baden (<em>La Boh\u00e8me, Tosca<\/em>), im Theater an der Wien (<em>Der herzlose Riese, Alice in Wonderland<\/em>), im Auditorium Grafenegg (Matth\u00e4us-Passion), im Salzburger Mozarteum (<em>\u00d6sterreich singt wieder<\/em>) sowie beim Grant Park Music Festival in Chicago mit Gustav Mahlers <em>8. Sinfonie<\/em>.<\/p>\n\n\n\n<p>Neben ihrer k\u00fcnstlerischen T\u00e4tigkeit ist Katja Kalmar auch in der musikp\u00e4dagogischen Weiterbildung aktiv. So gibt sie regelm\u00e4\u00dfig Workshops und Seminare f\u00fcr das Chorforum Wien zu Themen wie Kinderstimmbildung, Dirigieren und chorische Stimmbildung. Seit Fr\u00fchjahr 2025 ist sie zudem Referentin f\u00fcr die <em>Chor.leiten<\/em>-Lehrg\u00e4nge der Chorszene Nieder\u00f6sterreich. Als Landesjugendreferentin des Chorforum Wien setzt sie sich besonders f\u00fcr die F\u00f6rderung der Kinder- und Jugendchorszene in \u00d6sterreich ein. 2025 wurde Katja Kalmar mit dem Preis des <em>Erwin-Ortner-Fonds<\/em> zur F\u00f6rderung der Chormusik ausgezeichnet.<\/p>\n\n\n\n<p><\/p>\n\n\n\n<p><\/p>\n\n<\/div>\n          <\/div>\n  <\/div>\n<\/section>\n\n\n<section class=\"lazyblock-content-section-Z1Bxb4C\">\n  <div class=\"v-section v-section--background-light\">\n    <div class=\"l-cl l-cl--medium\">\n      <div class=\"lazyblock-inner-blocks\">\n\n<style>\n  .c-lazyblock-floating-image-1HdHkG {\n    --image-float: right;\n    --image-padding: 0 0 0.5rem 1.75rem;\n    --image-width: 28%; ?>\n  }\n<\/style>\n\n<div class=\"c-floating-image c-lazyblock-floating-image-1HdHkG\">\n      <img loading=\"lazy\" decoding=\"async\"\n      class=\"v-floating-image\"\n      src=\"https:\/\/www.gumpoldskirchnerspatzen.at\/wp-content\/uploads\/Andjelko-Headshot-Website-872x1200.png\"\n      width=\"872\"\n      height=\"1200\"\n      alt=\"\"\n    \/>\n  <\/div>\n\n\n<h2 class=\"wp-block-heading has-text-align-right\">An\u0111elko Igrec<\/h2>\n\n\n\n<h3 class=\"wp-block-heading has-text-align-right\">Stellvertretender Chorleiter<\/h3>\n\n\n\n<p class=\"has-text-align-left\">An\u0111elko Igrec absolvierte Studien der Komposition, Kirchenmusik und des Orchesterdirigierens an der Universit\u00e4t f\u00fcr Musik und darstellende Kunst Wien, war Domorganist und Domkapellmeister in Vara\u017edin, Dozent am Institut f\u00fcr Kirchenmusik in Zagreb und arbeitete als Dirigent und Komponist mit zahlreichen kroatischen und internationalen Orchestern. In Baden war er zehn Jahre k\u00fcnstlerischer Leiter und Dirigent des Orchesters der Musikfreunde sowie als Kapellmeister der B\u00fchne Baden. Seit 2017 ist er Regens Chori der Pfarre St. Stephan.<\/p>\n\n\n\n<p class=\"has-text-align-left\">Ein besonderer Meilenstein ist die Gr\u00fcndung und Leitung des Vara\u017ediner Chor &#8222;Chorus angelicus&#8220; mit dem er &nbsp;von Monteverdis Vespro della beata vergine bis hin zu zeitgen\u00f6ssischer Literatur anspruchsvolle Werke auff\u00fchrt.&nbsp;F\u00fcr sein Wirken erhielt er mehrere Preise, ebenso wurden Tontr\u00e4ger mit seinen Werken und Interpretationen mehrfach ausgezeichnet.&nbsp;<\/p>\n\n<\/div>\n          <\/div>\n  <\/div>\n<\/section>","protected":false},"excerpt":{"rendered":"","protected":false},"author":1,"featured_media":0,"parent":0,"menu_order":0,"comment_status":"closed","ping_status":"closed","template":"","meta":{"footnotes":""},"class_list":["post-12","page","type-page","status-publish","hentry"],"yoast_head":"<!-- This site is optimized with the Yoast SEO plugin v26.0 - https:\/\/yoast.com\/wordpress\/plugins\/seo\/ -->\n<title>K\u00fcnstlerische Leitung - Gumpoldskirchner Spatzen<\/title>\n<meta name=\"description\" content=\"Lerne die k\u00fcnstlerische Leitung unseres Chors kennen: Katja Kalmar und Danut\u0117 Ganahl, unsere erfahrenen Chorleiterinnen.\" \/>\n<meta name=\"robots\" content=\"index, follow, max-snippet:-1, max-image-preview:large, max-video-preview:-1\" \/>\n<link rel=\"canonical\" href=\"https:\/\/www.gumpoldskirchnerspatzen.at\/en\/kunstlerische-leitung\/\" \/>\n<meta property=\"og:locale\" content=\"en_US\" \/>\n<meta property=\"og:type\" content=\"article\" \/>\n<meta property=\"og:title\" content=\"K\u00fcnstlerische Leitung - Gumpoldskirchner Spatzen\" \/>\n<meta property=\"og:description\" content=\"Lerne die k\u00fcnstlerische Leitung unseres Chors kennen: Katja Kalmar und Danut\u0117 Ganahl, unsere erfahrenen Chorleiterinnen.\" \/>\n<meta property=\"og:url\" content=\"https:\/\/www.gumpoldskirchnerspatzen.at\/en\/kunstlerische-leitung\/\" \/>\n<meta property=\"og:site_name\" content=\"Gumpoldskirchner Spatzen\" \/>\n<meta property=\"article:publisher\" content=\"https:\/\/www.facebook.com\/GumpoldskirchnerSpatzen\" \/>\n<meta property=\"article:modified_time\" content=\"2025-11-24T13:15:45+00:00\" \/>\n<meta property=\"og:image\" content=\"https:\/\/www.gumpoldskirchnerspatzen.at\/wp-content\/uploads\/SpatzenWeinberg_\u220fYvonneKiss.jpg\" \/>\n\t<meta property=\"og:image:width\" content=\"1000\" \/>\n\t<meta property=\"og:image:height\" content=\"667\" \/>\n\t<meta property=\"og:image:type\" content=\"image\/jpeg\" \/>\n<meta name=\"twitter:card\" content=\"summary_large_image\" \/>\n<meta name=\"twitter:label1\" content=\"Est. reading time\" \/>\n\t<meta name=\"twitter:data1\" content=\"3 minutes\" \/>\n<script type=\"application\/ld+json\" class=\"yoast-schema-graph\">{\"@context\":\"https:\/\/schema.org\",\"@graph\":[{\"@type\":\"WebPage\",\"@id\":\"https:\/\/www.gumpoldskirchnerspatzen.at\/kunstlerische-leitung\/\",\"url\":\"https:\/\/www.gumpoldskirchnerspatzen.at\/kunstlerische-leitung\/\",\"name\":\"K\u00fcnstlerische Leitung - Gumpoldskirchner Spatzen\",\"isPartOf\":{\"@id\":\"https:\/\/www.gumpoldskirchnerspatzen.at\/#website\"},\"datePublished\":\"2024-03-25T16:54:25+00:00\",\"dateModified\":\"2025-11-24T13:15:45+00:00\",\"description\":\"Lerne die k\u00fcnstlerische Leitung unseres Chors kennen: Katja Kalmar und Danut\u0117 Ganahl, unsere erfahrenen Chorleiterinnen.\",\"breadcrumb\":{\"@id\":\"https:\/\/www.gumpoldskirchnerspatzen.at\/kunstlerische-leitung\/#breadcrumb\"},\"inLanguage\":\"en-US\",\"potentialAction\":[{\"@type\":\"ReadAction\",\"target\":[\"https:\/\/www.gumpoldskirchnerspatzen.at\/kunstlerische-leitung\/\"]}]},{\"@type\":\"BreadcrumbList\",\"@id\":\"https:\/\/www.gumpoldskirchnerspatzen.at\/kunstlerische-leitung\/#breadcrumb\",\"itemListElement\":[{\"@type\":\"ListItem\",\"position\":1,\"name\":\"Home\",\"item\":\"https:\/\/www.gumpoldskirchnerspatzen.at\/\"},{\"@type\":\"ListItem\",\"position\":2,\"name\":\"K\u00fcnstlerische Leitung\"}]},{\"@type\":\"WebSite\",\"@id\":\"https:\/\/www.gumpoldskirchnerspatzen.at\/#website\",\"url\":\"https:\/\/www.gumpoldskirchnerspatzen.at\/\",\"name\":\"Gumpoldskirchner Spatzen\",\"description\":\"\",\"publisher\":{\"@id\":\"https:\/\/www.gumpoldskirchnerspatzen.at\/#organization\"},\"potentialAction\":[{\"@type\":\"SearchAction\",\"target\":{\"@type\":\"EntryPoint\",\"urlTemplate\":\"https:\/\/www.gumpoldskirchnerspatzen.at\/?s={search_term_string}\"},\"query-input\":{\"@type\":\"PropertyValueSpecification\",\"valueRequired\":true,\"valueName\":\"search_term_string\"}}],\"inLanguage\":\"en-US\"},{\"@type\":\"Organization\",\"@id\":\"https:\/\/www.gumpoldskirchnerspatzen.at\/#organization\",\"name\":\"Gumpoldskirchner Spatzen\",\"url\":\"https:\/\/www.gumpoldskirchnerspatzen.at\/\",\"logo\":{\"@type\":\"ImageObject\",\"inLanguage\":\"en-US\",\"@id\":\"https:\/\/www.gumpoldskirchnerspatzen.at\/#\/schema\/logo\/image\/\",\"url\":\"https:\/\/www.gumpoldskirchnerspatzen.at\/staging\/wp-content\/uploads\/logo.png\",\"contentUrl\":\"https:\/\/www.gumpoldskirchnerspatzen.at\/staging\/wp-content\/uploads\/logo.png\",\"width\":781,\"height\":167,\"caption\":\"Gumpoldskirchner Spatzen\"},\"image\":{\"@id\":\"https:\/\/www.gumpoldskirchnerspatzen.at\/#\/schema\/logo\/image\/\"},\"sameAs\":[\"https:\/\/www.facebook.com\/GumpoldskirchnerSpatzen\",\"https:\/\/www.youtube.com\/user\/GumpSpatzen\",\"https:\/\/www.instagram.com\/gumpoldskirchnerspatzen\/\"]}]}<\/script>\n<!-- \/ Yoast SEO plugin. -->","yoast_head_json":{"title":"K\u00fcnstlerische Leitung - Gumpoldskirchner Spatzen","description":"Lerne die k\u00fcnstlerische Leitung unseres Chors kennen: Katja Kalmar und Danut\u0117 Ganahl, unsere erfahrenen Chorleiterinnen.","robots":{"index":"index","follow":"follow","max-snippet":"max-snippet:-1","max-image-preview":"max-image-preview:large","max-video-preview":"max-video-preview:-1"},"canonical":"https:\/\/www.gumpoldskirchnerspatzen.at\/en\/kunstlerische-leitung\/","og_locale":"en_US","og_type":"article","og_title":"K\u00fcnstlerische Leitung - Gumpoldskirchner Spatzen","og_description":"Lerne die k\u00fcnstlerische Leitung unseres Chors kennen: Katja Kalmar und Danut\u0117 Ganahl, unsere erfahrenen Chorleiterinnen.","og_url":"https:\/\/www.gumpoldskirchnerspatzen.at\/en\/kunstlerische-leitung\/","og_site_name":"Gumpoldskirchner Spatzen","article_publisher":"https:\/\/www.facebook.com\/GumpoldskirchnerSpatzen","article_modified_time":"2025-11-24T13:15:45+00:00","og_image":[{"width":1000,"height":667,"url":"https:\/\/www.gumpoldskirchnerspatzen.at\/wp-content\/uploads\/SpatzenWeinberg_\u220fYvonneKiss.jpg","type":"image\/jpeg"}],"twitter_card":"summary_large_image","twitter_misc":{"Est. reading time":"3 minutes"},"schema":{"@context":"https:\/\/schema.org","@graph":[{"@type":"WebPage","@id":"https:\/\/www.gumpoldskirchnerspatzen.at\/kunstlerische-leitung\/","url":"https:\/\/www.gumpoldskirchnerspatzen.at\/kunstlerische-leitung\/","name":"K\u00fcnstlerische Leitung - Gumpoldskirchner Spatzen","isPartOf":{"@id":"https:\/\/www.gumpoldskirchnerspatzen.at\/#website"},"datePublished":"2024-03-25T16:54:25+00:00","dateModified":"2025-11-24T13:15:45+00:00","description":"Lerne die k\u00fcnstlerische Leitung unseres Chors kennen: Katja Kalmar und Danut\u0117 Ganahl, unsere erfahrenen Chorleiterinnen.","breadcrumb":{"@id":"https:\/\/www.gumpoldskirchnerspatzen.at\/kunstlerische-leitung\/#breadcrumb"},"inLanguage":"en-US","potentialAction":[{"@type":"ReadAction","target":["https:\/\/www.gumpoldskirchnerspatzen.at\/kunstlerische-leitung\/"]}]},{"@type":"BreadcrumbList","@id":"https:\/\/www.gumpoldskirchnerspatzen.at\/kunstlerische-leitung\/#breadcrumb","itemListElement":[{"@type":"ListItem","position":1,"name":"Home","item":"https:\/\/www.gumpoldskirchnerspatzen.at\/"},{"@type":"ListItem","position":2,"name":"K\u00fcnstlerische Leitung"}]},{"@type":"WebSite","@id":"https:\/\/www.gumpoldskirchnerspatzen.at\/#website","url":"https:\/\/www.gumpoldskirchnerspatzen.at\/","name":"Gumpoldskirchner Spatzen","description":"","publisher":{"@id":"https:\/\/www.gumpoldskirchnerspatzen.at\/#organization"},"potentialAction":[{"@type":"SearchAction","target":{"@type":"EntryPoint","urlTemplate":"https:\/\/www.gumpoldskirchnerspatzen.at\/?s={search_term_string}"},"query-input":{"@type":"PropertyValueSpecification","valueRequired":true,"valueName":"search_term_string"}}],"inLanguage":"en-US"},{"@type":"Organization","@id":"https:\/\/www.gumpoldskirchnerspatzen.at\/#organization","name":"Gumpoldskirchner Spatzen","url":"https:\/\/www.gumpoldskirchnerspatzen.at\/","logo":{"@type":"ImageObject","inLanguage":"en-US","@id":"https:\/\/www.gumpoldskirchnerspatzen.at\/#\/schema\/logo\/image\/","url":"https:\/\/www.gumpoldskirchnerspatzen.at\/staging\/wp-content\/uploads\/logo.png","contentUrl":"https:\/\/www.gumpoldskirchnerspatzen.at\/staging\/wp-content\/uploads\/logo.png","width":781,"height":167,"caption":"Gumpoldskirchner Spatzen"},"image":{"@id":"https:\/\/www.gumpoldskirchnerspatzen.at\/#\/schema\/logo\/image\/"},"sameAs":["https:\/\/www.facebook.com\/GumpoldskirchnerSpatzen","https:\/\/www.youtube.com\/user\/GumpSpatzen","https:\/\/www.instagram.com\/gumpoldskirchnerspatzen\/"]}]}},"_links":{"self":[{"href":"https:\/\/www.gumpoldskirchnerspatzen.at\/en\/wp-json\/wp\/v2\/pages\/12","targetHints":{"allow":["GET"]}}],"collection":[{"href":"https:\/\/www.gumpoldskirchnerspatzen.at\/en\/wp-json\/wp\/v2\/pages"}],"about":[{"href":"https:\/\/www.gumpoldskirchnerspatzen.at\/en\/wp-json\/wp\/v2\/types\/page"}],"author":[{"embeddable":true,"href":"https:\/\/www.gumpoldskirchnerspatzen.at\/en\/wp-json\/wp\/v2\/users\/1"}],"replies":[{"embeddable":true,"href":"https:\/\/www.gumpoldskirchnerspatzen.at\/en\/wp-json\/wp\/v2\/comments?post=12"}],"version-history":[{"count":45,"href":"https:\/\/www.gumpoldskirchnerspatzen.at\/en\/wp-json\/wp\/v2\/pages\/12\/revisions"}],"predecessor-version":[{"id":6249,"href":"https:\/\/www.gumpoldskirchnerspatzen.at\/en\/wp-json\/wp\/v2\/pages\/12\/revisions\/6249"}],"wp:attachment":[{"href":"https:\/\/www.gumpoldskirchnerspatzen.at\/en\/wp-json\/wp\/v2\/media?parent=12"}],"curies":[{"name":"wp","href":"https:\/\/api.w.org\/{rel}","templated":true}]}}